{"id":54514,"date":"2023-09-27T14:28:11","date_gmt":"2023-09-27T14:28:11","guid":{"rendered":"http:\/\/custom-chocolate.biz\/?product=ostern-ei-truffel-box-hand-made"},"modified":"2024-08-22T12:31:26","modified_gmt":"2024-08-22T10:31:26","slug":"ostern-ei-truffel-box-hand-made","status":"publish","type":"product","link":"https:\/\/www.schokologo.com\/de\/schokologo\/ostern-ei-truffel-box-hand-made","title":{"rendered":"Ostern Ei-Tr\u00fcffel Box Hand Made"},"content":{"rendered":"<p>Ostern-Pralinenschachtel mit 7,5&#215;7,5 cm, + 6 Eier-Pralinen<\/p>\n<p>Schokologo: 7,5 x 7,5 cm, ca. 30 g<\/p>\n<p>6 Eier-Pralinen, \u00e1 ca. 13 g<br \/>Verpackungsgr\u00f6\u00dfe: 200 x 110,0 x 20,0 mm<\/p>\n","protected":false},"excerpt":{"rendered":"<p>Ideale Ostern-Pralinenschachtel mit 7,5&#215;7,5 cm, + 6 Eier-Pralinen<\/p>\n","protected":false},"featured_media":46469,"template":"","meta":{"_acf_changed":false},"product_brand":[2904],"product_cat":[2996,2966,2946,3000,3006],"product_tag":[3578],"class_list":{"0":"post-54514","1":"product","2":"type-product","3":"status-publish","4":"has-post-thumbnail","6":"product_brand-schokologo-e-k","7":"product_cat-mitarbeitergeschenke","8":"product_cat-ostern","9":"product_cat-pralinen-gebaeck","10":"product_cat-werbe-schokolade","11":"product_cat-werbeartikel-schokolade","12":"product_tag-ostern","14":"first","15":"instock","16":"taxable","17":"shipping-taxable","18":"purchasable","19":"product-type-variable"},"acf":{"sl_product_custom_field":"","sl_inquire_only_product":true},"yoast_head":"<!-- This site is optimized with the Yoast SEO Premium plugin v26.5 (Yoast SEO v27.2) - https:\/\/yoast.com\/product\/yoast-seo-premium-wordpress\/ -->\n<title>Schokologo - Ostern Ei-Tr\u00fcffel Box Hand Made<\/title>\n<meta name=\"robots\" content=\"index, follow, max-snippet:-1, max-image-preview:large, max-video-preview:-1\" \/>\n<link rel=\"canonical\" href=\"https:\/\/www.schokologo.com\/de\/schokologo\/ostern-ei-truffel-box-hand-made\" \/>\n<meta property=\"og:locale\" content=\"de_DE\" \/>\n<meta property=\"og:type\" content=\"article\" \/>\n<meta property=\"og:title\" content=\"Ostern Ei-Tr\u00fcffel Box Hand Made\" \/>\n<meta property=\"og:description\" content=\"Ideale Ostern-Pralinenschachtel mit 7,5x7,5 cm, + 6 Eier-Pralinen\" \/>\n<meta property=\"og:url\" content=\"https:\/\/www.schokologo.com\/de\/schokologo\/ostern-ei-truffel-box-hand-made\" \/>\n<meta property=\"og:site_name\" content=\"Choco-Logo\" \/>\n<meta property=\"article:publisher\" content=\"https:\/\/www.facebook.com\/SCHOKOLOGO\" \/>\n<meta property=\"article:modified_time\" content=\"2024-08-22T10:31:26+00:00\" \/>\n<meta property=\"og:image\" content=\"https:\/\/www.schokologo.com\/wp-content\/uploads\/2023\/09\/BespokePralineBoxEasterGold_SL417Rostock_5nd.jpg\" \/>\n\t<meta property=\"og:image:width\" content=\"1200\" \/>\n\t<meta property=\"og:image:height\" content=\"826\" \/>\n\t<meta property=\"og:image:type\" content=\"image\/jpeg\" \/>\n<meta name=\"twitter:card\" content=\"summary_large_image\" \/>\n<meta name=\"twitter:site\" content=\"@schokologo\" \/>\n<meta name=\"twitter:label1\" content=\"Verf\u00fcgbarkeit\" \/>\n\t<meta name=\"twitter:data1\" content=\"Auf Lager\" \/>\n<script type=\"application\/ld+json\" class=\"yoast-schema-graph\">{\"@context\":\"https:\/\/schema.org\",\"@graph\":[{\"@type\":\"WebPage\",\"@id\":\"https:\/\/www.schokologo.com\/de\/schokologo\/ostern-ei-truffel-box-hand-made\",\"url\":\"https:\/\/www.schokologo.com\/de\/schokologo\/ostern-ei-truffel-box-hand-made\",\"name\":\"Schokologo - Ostern Ei-Tr\u00fcffel Box Hand Made\",\"isPartOf\":{\"@id\":\"https:\/\/www.schokologo.com\/de#website\"},\"primaryImageOfPage\":{\"@id\":\"https:\/\/www.schokologo.com\/de\/schokologo\/ostern-ei-truffel-box-hand-made#primaryimage\"},\"image\":{\"@id\":\"https:\/\/www.schokologo.com\/de\/schokologo\/ostern-ei-truffel-box-hand-made#primaryimage\"},\"thumbnailUrl\":\"https:\/\/www.schokologo.com\/wp-content\/uploads\/2023\/09\/BespokePralineBoxEasterGold_SL417Rostock_5nd.jpg\",\"datePublished\":\"2023-09-27T14:28:11+00:00\",\"dateModified\":\"2024-08-22T10:31:26+00:00\",\"breadcrumb\":{\"@id\":\"https:\/\/www.schokologo.com\/de\/schokologo\/ostern-ei-truffel-box-hand-made#breadcrumb\"},\"inLanguage\":\"de\",\"potentialAction\":[{\"@type\":\"ReadAction\",\"target\":[\"https:\/\/www.schokologo.com\/de\/schokologo\/ostern-ei-truffel-box-hand-made\"]}]},{\"@type\":\"ImageObject\",\"inLanguage\":\"de\",\"@id\":\"https:\/\/www.schokologo.com\/de\/schokologo\/ostern-ei-truffel-box-hand-made#primaryimage\",\"url\":\"https:\/\/www.schokologo.com\/wp-content\/uploads\/2023\/09\/BespokePralineBoxEasterGold_SL417Rostock_5nd.jpg\",\"contentUrl\":\"https:\/\/www.schokologo.com\/wp-content\/uploads\/2023\/09\/BespokePralineBoxEasterGold_SL417Rostock_5nd.jpg\",\"width\":1200,\"height\":826,\"caption\":\"BespokePralineBoxEasterGold_SL417Rostock\"},{\"@type\":\"BreadcrumbList\",\"@id\":\"https:\/\/www.schokologo.com\/de\/schokologo\/ostern-ei-truffel-box-hand-made#breadcrumb\",\"itemListElement\":[{\"@type\":\"ListItem\",\"position\":1,\"name\":\"Home\",\"item\":\"https:\/\/www.schokologo.com\/de\"},{\"@type\":\"ListItem\",\"position\":2,\"name\":\"Produkte\",\"item\":\"https:\/\/www.schokologo.com\/de\/shop\"},{\"@type\":\"ListItem\",\"position\":3,\"name\":\"Ostern Ei-Tr\u00fcffel Box Hand Made\"}]},{\"@type\":\"WebSite\",\"@id\":\"https:\/\/www.schokologo.com\/de#website\",\"url\":\"https:\/\/www.schokologo.com\/de\",\"name\":\"Schokologo\",\"description\":\"Your finest calling card\",\"publisher\":{\"@id\":\"https:\/\/www.schokologo.com\/de#organization\"},\"alternateName\":\"Ihr Logo aus edler Schokolade\",\"potentialAction\":[{\"@type\":\"SearchAction\",\"target\":{\"@type\":\"EntryPoint\",\"urlTemplate\":\"https:\/\/www.schokologo.com\/de?s={search_term_string}\"},\"query-input\":{\"@type\":\"PropertyValueSpecification\",\"valueRequired\":true,\"valueName\":\"search_term_string\"}}],\"inLanguage\":\"de\"},{\"@type\":\"Organization\",\"@id\":\"https:\/\/www.schokologo.com\/de#organization\",\"name\":\"Schokologo e.K.\",\"alternateName\":\"Schokologo\",\"url\":\"https:\/\/www.schokologo.com\/de\",\"logo\":{\"@type\":\"ImageObject\",\"inLanguage\":\"de\",\"@id\":\"https:\/\/www.schokologo.com\/de#\/schema\/logo\/image\/\",\"url\":\"https:\/\/www.schokologo.com\/wp-content\/uploads\/2023\/09\/SchokoLogo_Logo.svg\",\"contentUrl\":\"https:\/\/www.schokologo.com\/wp-content\/uploads\/2023\/09\/SchokoLogo_Logo.svg\",\"width\":270,\"height\":106,\"caption\":\"Schokologo e.K.\"},\"image\":{\"@id\":\"https:\/\/www.schokologo.com\/de#\/schema\/logo\/image\/\"},\"sameAs\":[\"https:\/\/www.facebook.com\/SCHOKOLOGO\",\"https:\/\/x.com\/schokologo\",\"https:\/\/www.instagram.com\/schoko_logo\"],\"description\":\"Personalisierte Schokoladenprodukte und Sonderanfertigungen aus Schokolade. Wir gestalten individuelle Schokoladenkreationen mit Logos, Texten und Designs nach Ihren W\u00fcnschen. Unsere hochwertigen Schokoladenprodukte sind das ideale Geschenk f\u00fcr Kunden, Gesch\u00e4ftspartner und besondere Anl\u00e4sse. Mit den besten Zutaten und ma\u00dfgeschneiderten L\u00f6sungen pr\u00e4sentieren wir Ihre Markenbotschaft auf einzigartige und k\u00f6stliche Weise. Entdecken Sie die Vielfalt unserer Schokoladenprodukte und hinterlassen Sie einen bleibenden Eindruck mit Schokologo.\",\"email\":\"info@schokologo.com\",\"telephone\":\"3677790\",\"legalName\":\"Schokologo e.K.\",\"foundingDate\":\"2003-01-08\",\"vatID\":\"DE220776735\",\"numberOfEmployees\":{\"@type\":\"QuantitativeValue\",\"minValue\":\"51\",\"maxValue\":\"200\"}}]}<\/script>\n<meta property=\"og:availability\" content=\"instock\" \/>\n<meta property=\"product:availability\" content=\"instock\" \/>\n<meta property=\"product:retailer_item_id\" content=\"SL0417REVMGO\" \/>\n<meta property=\"product:condition\" content=\"new\" \/>\n<!-- \/ Yoast SEO Premium plugin. -->","yoast_head_json":{"title":"Schokologo - Ostern Ei-Tr\u00fcffel Box Hand Made","robots":{"index":"index","follow":"follow","max-snippet":"max-snippet:-1","max-image-preview":"max-image-preview:large","max-video-preview":"max-video-preview:-1"},"canonical":"https:\/\/www.schokologo.com\/de\/schokologo\/ostern-ei-truffel-box-hand-made","og_locale":"de_DE","og_type":"article","og_title":"Ostern Ei-Tr\u00fcffel Box Hand Made","og_description":"Ideale Ostern-Pralinenschachtel mit 7,5x7,5 cm, + 6 Eier-Pralinen","og_url":"https:\/\/www.schokologo.com\/de\/schokologo\/ostern-ei-truffel-box-hand-made","og_site_name":"Choco-Logo","article_publisher":"https:\/\/www.facebook.com\/SCHOKOLOGO","article_modified_time":"2024-08-22T10:31:26+00:00","og_image":[{"width":1200,"height":826,"url":"https:\/\/www.schokologo.com\/wp-content\/uploads\/2023\/09\/BespokePralineBoxEasterGold_SL417Rostock_5nd.jpg","type":"image\/jpeg"}],"twitter_card":"summary_large_image","twitter_site":"@schokologo","twitter_misc":{"Verf\u00fcgbarkeit":"Auf Lager"},"schema":{"@context":"https:\/\/schema.org","@graph":[{"@type":"WebPage","@id":"https:\/\/www.schokologo.com\/de\/schokologo\/ostern-ei-truffel-box-hand-made","url":"https:\/\/www.schokologo.com\/de\/schokologo\/ostern-ei-truffel-box-hand-made","name":"Schokologo - Ostern Ei-Tr\u00fcffel Box Hand Made","isPartOf":{"@id":"https:\/\/www.schokologo.com\/de#website"},"primaryImageOfPage":{"@id":"https:\/\/www.schokologo.com\/de\/schokologo\/ostern-ei-truffel-box-hand-made#primaryimage"},"image":{"@id":"https:\/\/www.schokologo.com\/de\/schokologo\/ostern-ei-truffel-box-hand-made#primaryimage"},"thumbnailUrl":"https:\/\/www.schokologo.com\/wp-content\/uploads\/2023\/09\/BespokePralineBoxEasterGold_SL417Rostock_5nd.jpg","datePublished":"2023-09-27T14:28:11+00:00","dateModified":"2024-08-22T10:31:26+00:00","breadcrumb":{"@id":"https:\/\/www.schokologo.com\/de\/schokologo\/ostern-ei-truffel-box-hand-made#breadcrumb"},"inLanguage":"de","potentialAction":[{"@type":"ReadAction","target":["https:\/\/www.schokologo.com\/de\/schokologo\/ostern-ei-truffel-box-hand-made"]}]},{"@type":"ImageObject","inLanguage":"de","@id":"https:\/\/www.schokologo.com\/de\/schokologo\/ostern-ei-truffel-box-hand-made#primaryimage","url":"https:\/\/www.schokologo.com\/wp-content\/uploads\/2023\/09\/BespokePralineBoxEasterGold_SL417Rostock_5nd.jpg","contentUrl":"https:\/\/www.schokologo.com\/wp-content\/uploads\/2023\/09\/BespokePralineBoxEasterGold_SL417Rostock_5nd.jpg","width":1200,"height":826,"caption":"BespokePralineBoxEasterGold_SL417Rostock"},{"@type":"BreadcrumbList","@id":"https:\/\/www.schokologo.com\/de\/schokologo\/ostern-ei-truffel-box-hand-made#breadcrumb","itemListElement":[{"@type":"ListItem","position":1,"name":"Home","item":"https:\/\/www.schokologo.com\/de"},{"@type":"ListItem","position":2,"name":"Produkte","item":"https:\/\/www.schokologo.com\/de\/shop"},{"@type":"ListItem","position":3,"name":"Ostern Ei-Tr\u00fcffel Box Hand Made"}]},{"@type":"WebSite","@id":"https:\/\/www.schokologo.com\/de#website","url":"https:\/\/www.schokologo.com\/de","name":"Schokologo","description":"Your finest calling card","publisher":{"@id":"https:\/\/www.schokologo.com\/de#organization"},"alternateName":"Ihr Logo aus edler Schokolade","potentialAction":[{"@type":"SearchAction","target":{"@type":"EntryPoint","urlTemplate":"https:\/\/www.schokologo.com\/de?s={search_term_string}"},"query-input":{"@type":"PropertyValueSpecification","valueRequired":true,"valueName":"search_term_string"}}],"inLanguage":"de"},{"@type":"Organization","@id":"https:\/\/www.schokologo.com\/de#organization","name":"Schokologo e.K.","alternateName":"Schokologo","url":"https:\/\/www.schokologo.com\/de","logo":{"@type":"ImageObject","inLanguage":"de","@id":"https:\/\/www.schokologo.com\/de#\/schema\/logo\/image\/","url":"https:\/\/www.schokologo.com\/wp-content\/uploads\/2023\/09\/SchokoLogo_Logo.svg","contentUrl":"https:\/\/www.schokologo.com\/wp-content\/uploads\/2023\/09\/SchokoLogo_Logo.svg","width":270,"height":106,"caption":"Schokologo e.K."},"image":{"@id":"https:\/\/www.schokologo.com\/de#\/schema\/logo\/image\/"},"sameAs":["https:\/\/www.facebook.com\/SCHOKOLOGO","https:\/\/x.com\/schokologo","https:\/\/www.instagram.com\/schoko_logo"],"description":"Personalisierte Schokoladenprodukte und Sonderanfertigungen aus Schokolade. Wir gestalten individuelle Schokoladenkreationen mit Logos, Texten und Designs nach Ihren W\u00fcnschen. Unsere hochwertigen Schokoladenprodukte sind das ideale Geschenk f\u00fcr Kunden, Gesch\u00e4ftspartner und besondere Anl\u00e4sse. Mit den besten Zutaten und ma\u00dfgeschneiderten L\u00f6sungen pr\u00e4sentieren wir Ihre Markenbotschaft auf einzigartige und k\u00f6stliche Weise. Entdecken Sie die Vielfalt unserer Schokoladenprodukte und hinterlassen Sie einen bleibenden Eindruck mit Schokologo.","email":"info@schokologo.com","telephone":"3677790","legalName":"Schokologo e.K.","foundingDate":"2003-01-08","vatID":"DE220776735","numberOfEmployees":{"@type":"QuantitativeValue","minValue":"51","maxValue":"200"}}]},"og_availability":"instock","product_availability":"instock","product_retailer_item_id":"SL0417REVMGO","product_condition":"new"},"_links":{"self":[{"href":"https:\/\/www.schokologo.com\/de\/wp-json\/wp\/v2\/product\/54514","targetHints":{"allow":["GET"]}}],"collection":[{"href":"https:\/\/www.schokologo.com\/de\/wp-json\/wp\/v2\/product"}],"about":[{"href":"https:\/\/www.schokologo.com\/de\/wp-json\/wp\/v2\/types\/product"}],"version-history":[{"count":1,"href":"https:\/\/www.schokologo.com\/de\/wp-json\/wp\/v2\/product\/54514\/revisions"}],"predecessor-version":[{"id":61430,"href":"https:\/\/www.schokologo.com\/de\/wp-json\/wp\/v2\/product\/54514\/revisions\/61430"}],"wp:featuredmedia":[{"embeddable":true,"href":"https:\/\/www.schokologo.com\/de\/wp-json\/wp\/v2\/media\/46469"}],"wp:attachment":[{"href":"https:\/\/www.schokologo.com\/de\/wp-json\/wp\/v2\/media?parent=54514"}],"wp:term":[{"taxonomy":"product_brand","embeddable":true,"href":"https:\/\/www.schokologo.com\/de\/wp-json\/wp\/v2\/product_brand?post=54514"},{"taxonomy":"product_cat","embeddable":true,"href":"https:\/\/www.schokologo.com\/de\/wp-json\/wp\/v2\/product_cat?post=54514"},{"taxonomy":"product_tag","embeddable":true,"href":"https:\/\/www.schokologo.com\/de\/wp-json\/wp\/v2\/product_tag?post=54514"}],"curies":[{"name":"wp","href":"https:\/\/api.w.org\/{rel}","templated":true}]}}