{"id":55106,"date":"2023-09-27T14:31:15","date_gmt":"2023-09-27T14:31:15","guid":{"rendered":"http:\/\/custom-chocolate.biz\/?product=schokologo-weihnachtsmann"},"modified":"2025-03-20T11:04:06","modified_gmt":"2025-03-20T10:04:06","slug":"schokologo-weihnachtsmann","status":"publish","type":"product","link":"https:\/\/www.schokologo.com\/de\/schokologo\/schokologo-weihnachtsmann","title":{"rendered":"Schokologo Weihnachtsmann"},"content":{"rendered":"<p>Der Schoko-Weihnachtsmann mit Logo ist eine s\u00fc\u00dfe Tafel Schokolade aus feiner belgischen Schokolade in Form von einem Weihnachtsmann.<br \/>\nDie Oberfl\u00e4che komplett selbst gestalten oder nur mit einem Logo und Weihnachtsmann verzerren.<\/p>\n<p>Gr\u00f6\u00dfe: 110x60mm<\/p>\n<p>Gewicht: 30g<\/p>\n<p>Verpackung: Gepr\u00e4gte siberne Schachtel, goldene Schachtel oder bunt bedruckte Schachteln.<\/p>\n<p>Schachtelgr\u00f6\u00dfe 120x70x8mm<\/p>\n<p>Schokologo Weihnachtsmann gepr\u00e4gt nach Ihren eigenen Vorgaben mit Ihrem Namen, Logo und Botschaft. Der Schokoladen-Schl\u00fcssel kann sowohl auf dem Kopf und\/oder auf dem Bart gepr\u00e4gt werden.<\/p>\n<p>&nbsp;<\/p>\n","protected":false},"excerpt":{"rendered":"<p>Der Schoko-Weihnachtsmann mit Logo ist eine s\u00fc\u00dfe Tafel Schokolade aus feiner belgischen Schokolade in Form von einem Weihnachtsmann.<br \/>\nDie Oberfl\u00e4che komplett selbst gestalten oder nur mit einem Logo und Weihnachtsmann verzerren.<\/p>\n","protected":false},"featured_media":47133,"template":"","meta":{"_acf_changed":false},"product_brand":[2904],"product_cat":[2988,3002,2996,2960,3004,3000,3006],"product_tag":[],"class_list":{"0":"post-55106","1":"product","2":"type-product","3":"status-publish","4":"has-post-thumbnail","6":"product_brand-schokologo-e-k","7":"product_cat-kundengeschenke","8":"product_cat-kundengeschenke-weihnachten","9":"product_cat-mitarbeitergeschenke","10":"product_cat-weihnachten","11":"product_cat-weihnachtsgeschenke-fur-kunden","12":"product_cat-werbe-schokolade","13":"product_cat-werbeartikel-schokolade","15":"first","16":"instock","17":"taxable","18":"shipping-taxable","19":"purchasable","20":"product-type-variable"},"acf":{"sl_product_custom_field":"","sl_inquire_only_product":true},"yoast_head":"<!-- This site is optimized with the Yoast SEO Premium plugin v26.5 (Yoast SEO v27.2) - https:\/\/yoast.com\/product\/yoast-seo-premium-wordpress\/ -->\n<title>Schoko-Weihnachtsmann mit Logo<\/title>\n<meta name=\"robots\" content=\"index, follow, max-snippet:-1, max-image-preview:large, max-video-preview:-1\" \/>\n<link rel=\"canonical\" href=\"https:\/\/www.schokologo.com\/de\/schokologo\/schokologo-weihnachtsmann\" \/>\n<meta property=\"og:locale\" content=\"de_DE\" \/>\n<meta property=\"og:type\" content=\"article\" \/>\n<meta property=\"og:title\" content=\"Schokologo Weihnachtsmann\" \/>\n<meta property=\"og:description\" content=\"Der Schoko-Weihnachtsmann mit Logo ist eine s\u00fc\u00dfe Tafel Schokolade aus feiner belgischen Schokolade in Form von einem Weihnachtsmann. Die Oberfl\u00e4che komplett selbst gestalten oder nur mit einem Logo und Weihnachtsmann verzerren.\" \/>\n<meta property=\"og:url\" content=\"https:\/\/www.schokologo.com\/de\/schokologo\/schokologo-weihnachtsmann\" \/>\n<meta property=\"og:site_name\" content=\"Choco-Logo\" \/>\n<meta property=\"article:publisher\" content=\"https:\/\/www.facebook.com\/SCHOKOLOGO\" \/>\n<meta property=\"article:modified_time\" content=\"2025-03-20T10:04:06+00:00\" \/>\n<meta property=\"og:image\" content=\"https:\/\/www.schokologo.com\/wp-content\/uploads\/2023\/09\/CustomChocolateChocolateSantaClaus_vattenfall_4nd.jpg\" \/>\n\t<meta property=\"og:image:width\" content=\"1200\" \/>\n\t<meta property=\"og:image:height\" content=\"1928\" \/>\n\t<meta property=\"og:image:type\" content=\"image\/jpeg\" \/>\n<meta name=\"twitter:card\" content=\"summary_large_image\" \/>\n<meta name=\"twitter:site\" content=\"@schokologo\" \/>\n<meta name=\"twitter:label1\" content=\"Verf\u00fcgbarkeit\" \/>\n\t<meta name=\"twitter:data1\" content=\"Auf Lager\" \/>\n<script type=\"application\/ld+json\" class=\"yoast-schema-graph\">{\"@context\":\"https:\/\/schema.org\",\"@graph\":[{\"@type\":\"WebPage\",\"@id\":\"https:\/\/www.schokologo.com\/de\/schokologo\/schokologo-weihnachtsmann\",\"url\":\"https:\/\/www.schokologo.com\/de\/schokologo\/schokologo-weihnachtsmann\",\"name\":\"Schoko-Weihnachtsmann mit Logo\",\"isPartOf\":{\"@id\":\"https:\/\/www.schokologo.com\/de#website\"},\"primaryImageOfPage\":{\"@id\":\"https:\/\/www.schokologo.com\/de\/schokologo\/schokologo-weihnachtsmann#primaryimage\"},\"image\":{\"@id\":\"https:\/\/www.schokologo.com\/de\/schokologo\/schokologo-weihnachtsmann#primaryimage\"},\"thumbnailUrl\":\"https:\/\/www.schokologo.com\/wp-content\/uploads\/2023\/09\/CustomChocolateChocolateSantaClaus_vattenfall_4nd.jpg\",\"datePublished\":\"2023-09-27T14:31:15+00:00\",\"dateModified\":\"2025-03-20T10:04:06+00:00\",\"breadcrumb\":{\"@id\":\"https:\/\/www.schokologo.com\/de\/schokologo\/schokologo-weihnachtsmann#breadcrumb\"},\"inLanguage\":\"de\",\"potentialAction\":[{\"@type\":\"ReadAction\",\"target\":[\"https:\/\/www.schokologo.com\/de\/schokologo\/schokologo-weihnachtsmann\"]}]},{\"@type\":\"ImageObject\",\"inLanguage\":\"de\",\"@id\":\"https:\/\/www.schokologo.com\/de\/schokologo\/schokologo-weihnachtsmann#primaryimage\",\"url\":\"https:\/\/www.schokologo.com\/wp-content\/uploads\/2023\/09\/CustomChocolateChocolateSantaClaus_vattenfall_4nd.jpg\",\"contentUrl\":\"https:\/\/www.schokologo.com\/wp-content\/uploads\/2023\/09\/CustomChocolateChocolateSantaClaus_vattenfall_4nd.jpg\",\"width\":1200,\"height\":1928,\"caption\":\"Custom-Chocolate-Chocolate-Santa-Claus_vattenfall\"},{\"@type\":\"BreadcrumbList\",\"@id\":\"https:\/\/www.schokologo.com\/de\/schokologo\/schokologo-weihnachtsmann#breadcrumb\",\"itemListElement\":[{\"@type\":\"ListItem\",\"position\":1,\"name\":\"Home\",\"item\":\"https:\/\/www.schokologo.com\/de\"},{\"@type\":\"ListItem\",\"position\":2,\"name\":\"Produkte\",\"item\":\"https:\/\/www.schokologo.com\/de\/shop\"},{\"@type\":\"ListItem\",\"position\":3,\"name\":\"Schokologo Weihnachtsmann\"}]},{\"@type\":\"WebSite\",\"@id\":\"https:\/\/www.schokologo.com\/de#website\",\"url\":\"https:\/\/www.schokologo.com\/de\",\"name\":\"Schokologo\",\"description\":\"Your finest calling card\",\"publisher\":{\"@id\":\"https:\/\/www.schokologo.com\/de#organization\"},\"alternateName\":\"Ihr Logo aus edler Schokolade\",\"potentialAction\":[{\"@type\":\"SearchAction\",\"target\":{\"@type\":\"EntryPoint\",\"urlTemplate\":\"https:\/\/www.schokologo.com\/de?s={search_term_string}\"},\"query-input\":{\"@type\":\"PropertyValueSpecification\",\"valueRequired\":true,\"valueName\":\"search_term_string\"}}],\"inLanguage\":\"de\"},{\"@type\":\"Organization\",\"@id\":\"https:\/\/www.schokologo.com\/de#organization\",\"name\":\"Schokologo e.K.\",\"alternateName\":\"Schokologo\",\"url\":\"https:\/\/www.schokologo.com\/de\",\"logo\":{\"@type\":\"ImageObject\",\"inLanguage\":\"de\",\"@id\":\"https:\/\/www.schokologo.com\/de#\/schema\/logo\/image\/\",\"url\":\"https:\/\/www.schokologo.com\/wp-content\/uploads\/2023\/09\/SchokoLogo_Logo.svg\",\"contentUrl\":\"https:\/\/www.schokologo.com\/wp-content\/uploads\/2023\/09\/SchokoLogo_Logo.svg\",\"width\":270,\"height\":106,\"caption\":\"Schokologo e.K.\"},\"image\":{\"@id\":\"https:\/\/www.schokologo.com\/de#\/schema\/logo\/image\/\"},\"sameAs\":[\"https:\/\/www.facebook.com\/SCHOKOLOGO\",\"https:\/\/x.com\/schokologo\",\"https:\/\/www.instagram.com\/schoko_logo\"],\"description\":\"Personalisierte Schokoladenprodukte und Sonderanfertigungen aus Schokolade. Wir gestalten individuelle Schokoladenkreationen mit Logos, Texten und Designs nach Ihren W\u00fcnschen. Unsere hochwertigen Schokoladenprodukte sind das ideale Geschenk f\u00fcr Kunden, Gesch\u00e4ftspartner und besondere Anl\u00e4sse. Mit den besten Zutaten und ma\u00dfgeschneiderten L\u00f6sungen pr\u00e4sentieren wir Ihre Markenbotschaft auf einzigartige und k\u00f6stliche Weise. Entdecken Sie die Vielfalt unserer Schokoladenprodukte und hinterlassen Sie einen bleibenden Eindruck mit Schokologo.\",\"email\":\"info@schokologo.com\",\"telephone\":\"3677790\",\"legalName\":\"Schokologo e.K.\",\"foundingDate\":\"2003-01-08\",\"vatID\":\"DE220776735\",\"numberOfEmployees\":{\"@type\":\"QuantitativeValue\",\"minValue\":\"51\",\"maxValue\":\"200\"}}]}<\/script>\n<meta property=\"og:availability\" content=\"instock\" \/>\n<meta property=\"product:availability\" content=\"instock\" \/>\n<meta property=\"product:retailer_item_id\" content=\"SL0011WFVMGO\" \/>\n<meta property=\"product:condition\" content=\"new\" \/>\n<!-- \/ Yoast SEO Premium plugin. -->","yoast_head_json":{"title":"Schoko-Weihnachtsmann mit Logo","robots":{"index":"index","follow":"follow","max-snippet":"max-snippet:-1","max-image-preview":"max-image-preview:large","max-video-preview":"max-video-preview:-1"},"canonical":"https:\/\/www.schokologo.com\/de\/schokologo\/schokologo-weihnachtsmann","og_locale":"de_DE","og_type":"article","og_title":"Schokologo Weihnachtsmann","og_description":"Der Schoko-Weihnachtsmann mit Logo ist eine s\u00fc\u00dfe Tafel Schokolade aus feiner belgischen Schokolade in Form von einem Weihnachtsmann. Die Oberfl\u00e4che komplett selbst gestalten oder nur mit einem Logo und Weihnachtsmann verzerren.","og_url":"https:\/\/www.schokologo.com\/de\/schokologo\/schokologo-weihnachtsmann","og_site_name":"Choco-Logo","article_publisher":"https:\/\/www.facebook.com\/SCHOKOLOGO","article_modified_time":"2025-03-20T10:04:06+00:00","og_image":[{"width":1200,"height":1928,"url":"https:\/\/www.schokologo.com\/wp-content\/uploads\/2023\/09\/CustomChocolateChocolateSantaClaus_vattenfall_4nd.jpg","type":"image\/jpeg"}],"twitter_card":"summary_large_image","twitter_site":"@schokologo","twitter_misc":{"Verf\u00fcgbarkeit":"Auf Lager"},"schema":{"@context":"https:\/\/schema.org","@graph":[{"@type":"WebPage","@id":"https:\/\/www.schokologo.com\/de\/schokologo\/schokologo-weihnachtsmann","url":"https:\/\/www.schokologo.com\/de\/schokologo\/schokologo-weihnachtsmann","name":"Schoko-Weihnachtsmann mit Logo","isPartOf":{"@id":"https:\/\/www.schokologo.com\/de#website"},"primaryImageOfPage":{"@id":"https:\/\/www.schokologo.com\/de\/schokologo\/schokologo-weihnachtsmann#primaryimage"},"image":{"@id":"https:\/\/www.schokologo.com\/de\/schokologo\/schokologo-weihnachtsmann#primaryimage"},"thumbnailUrl":"https:\/\/www.schokologo.com\/wp-content\/uploads\/2023\/09\/CustomChocolateChocolateSantaClaus_vattenfall_4nd.jpg","datePublished":"2023-09-27T14:31:15+00:00","dateModified":"2025-03-20T10:04:06+00:00","breadcrumb":{"@id":"https:\/\/www.schokologo.com\/de\/schokologo\/schokologo-weihnachtsmann#breadcrumb"},"inLanguage":"de","potentialAction":[{"@type":"ReadAction","target":["https:\/\/www.schokologo.com\/de\/schokologo\/schokologo-weihnachtsmann"]}]},{"@type":"ImageObject","inLanguage":"de","@id":"https:\/\/www.schokologo.com\/de\/schokologo\/schokologo-weihnachtsmann#primaryimage","url":"https:\/\/www.schokologo.com\/wp-content\/uploads\/2023\/09\/CustomChocolateChocolateSantaClaus_vattenfall_4nd.jpg","contentUrl":"https:\/\/www.schokologo.com\/wp-content\/uploads\/2023\/09\/CustomChocolateChocolateSantaClaus_vattenfall_4nd.jpg","width":1200,"height":1928,"caption":"Custom-Chocolate-Chocolate-Santa-Claus_vattenfall"},{"@type":"BreadcrumbList","@id":"https:\/\/www.schokologo.com\/de\/schokologo\/schokologo-weihnachtsmann#breadcrumb","itemListElement":[{"@type":"ListItem","position":1,"name":"Home","item":"https:\/\/www.schokologo.com\/de"},{"@type":"ListItem","position":2,"name":"Produkte","item":"https:\/\/www.schokologo.com\/de\/shop"},{"@type":"ListItem","position":3,"name":"Schokologo Weihnachtsmann"}]},{"@type":"WebSite","@id":"https:\/\/www.schokologo.com\/de#website","url":"https:\/\/www.schokologo.com\/de","name":"Schokologo","description":"Your finest calling card","publisher":{"@id":"https:\/\/www.schokologo.com\/de#organization"},"alternateName":"Ihr Logo aus edler Schokolade","potentialAction":[{"@type":"SearchAction","target":{"@type":"EntryPoint","urlTemplate":"https:\/\/www.schokologo.com\/de?s={search_term_string}"},"query-input":{"@type":"PropertyValueSpecification","valueRequired":true,"valueName":"search_term_string"}}],"inLanguage":"de"},{"@type":"Organization","@id":"https:\/\/www.schokologo.com\/de#organization","name":"Schokologo e.K.","alternateName":"Schokologo","url":"https:\/\/www.schokologo.com\/de","logo":{"@type":"ImageObject","inLanguage":"de","@id":"https:\/\/www.schokologo.com\/de#\/schema\/logo\/image\/","url":"https:\/\/www.schokologo.com\/wp-content\/uploads\/2023\/09\/SchokoLogo_Logo.svg","contentUrl":"https:\/\/www.schokologo.com\/wp-content\/uploads\/2023\/09\/SchokoLogo_Logo.svg","width":270,"height":106,"caption":"Schokologo e.K."},"image":{"@id":"https:\/\/www.schokologo.com\/de#\/schema\/logo\/image\/"},"sameAs":["https:\/\/www.facebook.com\/SCHOKOLOGO","https:\/\/x.com\/schokologo","https:\/\/www.instagram.com\/schoko_logo"],"description":"Personalisierte Schokoladenprodukte und Sonderanfertigungen aus Schokolade. Wir gestalten individuelle Schokoladenkreationen mit Logos, Texten und Designs nach Ihren W\u00fcnschen. Unsere hochwertigen Schokoladenprodukte sind das ideale Geschenk f\u00fcr Kunden, Gesch\u00e4ftspartner und besondere Anl\u00e4sse. Mit den besten Zutaten und ma\u00dfgeschneiderten L\u00f6sungen pr\u00e4sentieren wir Ihre Markenbotschaft auf einzigartige und k\u00f6stliche Weise. Entdecken Sie die Vielfalt unserer Schokoladenprodukte und hinterlassen Sie einen bleibenden Eindruck mit Schokologo.","email":"info@schokologo.com","telephone":"3677790","legalName":"Schokologo e.K.","foundingDate":"2003-01-08","vatID":"DE220776735","numberOfEmployees":{"@type":"QuantitativeValue","minValue":"51","maxValue":"200"}}]},"og_availability":"instock","product_availability":"instock","product_retailer_item_id":"SL0011WFVMGO","product_condition":"new"},"_links":{"self":[{"href":"https:\/\/www.schokologo.com\/de\/wp-json\/wp\/v2\/product\/55106","targetHints":{"allow":["GET"]}}],"collection":[{"href":"https:\/\/www.schokologo.com\/de\/wp-json\/wp\/v2\/product"}],"about":[{"href":"https:\/\/www.schokologo.com\/de\/wp-json\/wp\/v2\/types\/product"}],"version-history":[{"count":2,"href":"https:\/\/www.schokologo.com\/de\/wp-json\/wp\/v2\/product\/55106\/revisions"}],"predecessor-version":[{"id":61620,"href":"https:\/\/www.schokologo.com\/de\/wp-json\/wp\/v2\/product\/55106\/revisions\/61620"}],"wp:featuredmedia":[{"embeddable":true,"href":"https:\/\/www.schokologo.com\/de\/wp-json\/wp\/v2\/media\/47133"}],"wp:attachment":[{"href":"https:\/\/www.schokologo.com\/de\/wp-json\/wp\/v2\/media?parent=55106"}],"wp:term":[{"taxonomy":"product_brand","embeddable":true,"href":"https:\/\/www.schokologo.com\/de\/wp-json\/wp\/v2\/product_brand?post=55106"},{"taxonomy":"product_cat","embeddable":true,"href":"https:\/\/www.schokologo.com\/de\/wp-json\/wp\/v2\/product_cat?post=55106"},{"taxonomy":"product_tag","embeddable":true,"href":"https:\/\/www.schokologo.com\/de\/wp-json\/wp\/v2\/product_tag?post=55106"}],"curies":[{"name":"wp","href":"https:\/\/api.w.org\/{rel}","templated":true}]}}