{"id":55256,"date":"2023-09-27T14:31:58","date_gmt":"2023-09-27T14:31:58","guid":{"rendered":"http:\/\/custom-chocolate.biz\/?product=3er-box"},"modified":"2025-03-16T10:57:04","modified_gmt":"2025-03-16T09:57:04","slug":"3er-box","status":"publish","type":"product","link":"https:\/\/www.schokologo.com\/de\/schokologo\/3er-box","title":{"rendered":"3er Box"},"content":{"rendered":"<p>Drei (3) Schokologos \u00e1 \u00a05x5cm verpackt in einer Box.<\/p>\n<p>Verschiedene Geschmacksrichtungen sowie unterschiedliche Logos k\u00f6nnen in einer Box kombiniert werden.<\/p>\n<p>Mindestbestellmenge: 100 Boxen.<\/p>\n<p>Verpackungsgr\u00f6\u00dfe: 160x60x8mm<\/p>\n","protected":false},"excerpt":{"rendered":"<p>Drei (3) Logo Schokoladen \u00e1 5x5cm, ca. 14g, verpackt in einer Box. Verschiedene Geschmacksrichtungen sowie unterschiedliche Logos k\u00f6nnen in einer Box kombiniert werden.<\/p>\n","protected":false},"featured_media":47295,"template":"","meta":{"_acf_changed":false},"product_brand":[],"product_cat":[2988,2996,2940],"product_tag":[3584],"class_list":{"0":"post-55256","1":"product","2":"type-product","3":"status-publish","4":"has-post-thumbnail","6":"product_cat-kundengeschenke","7":"product_cat-mitarbeitergeschenke","8":"product_cat-schokoladen-sets","9":"product_tag-verpackung","11":"first","12":"instock","13":"taxable","14":"shipping-taxable","15":"purchasable","16":"product-type-variable","17":"has-default-attributes"},"acf":{"sl_product_custom_field":"je 50x35mm, ca. 30g","sl_inquire_only_product":true},"yoast_head":"<!-- This site is optimized with the Yoast SEO Premium plugin v26.5 (Yoast SEO v27.2) - https:\/\/yoast.com\/product\/yoast-seo-premium-wordpress\/ -->\n<title>Schokologo 3er Box<\/title>\n<meta name=\"robots\" content=\"index, follow, max-snippet:-1, max-image-preview:large, max-video-preview:-1\" \/>\n<link rel=\"canonical\" href=\"https:\/\/www.schokologo.com\/de\/schokologo\/3er-box\" \/>\n<meta property=\"og:locale\" content=\"de_DE\" \/>\n<meta property=\"og:type\" content=\"article\" \/>\n<meta property=\"og:title\" content=\"3er Box\" \/>\n<meta property=\"og:description\" content=\"Drei (3) Logo Schokoladen \u00e1 5x5cm, ca. 14g, verpackt in einer Box. Verschiedene Geschmacksrichtungen sowie unterschiedliche Logos k\u00f6nnen in einer Box kombiniert werden.\" \/>\n<meta property=\"og:url\" content=\"https:\/\/www.schokologo.com\/de\/schokologo\/3er-box\" \/>\n<meta property=\"og:site_name\" content=\"Choco-Logo\" \/>\n<meta property=\"article:publisher\" content=\"https:\/\/www.facebook.com\/SCHOKOLOGO\" \/>\n<meta property=\"article:modified_time\" content=\"2025-03-16T09:57:04+00:00\" \/>\n<meta property=\"og:image\" content=\"https:\/\/www.schokologo.com\/wp-content\/uploads\/2023\/09\/BespokeChocolateBoxOf3_MENTON_4nd.jpg\" \/>\n\t<meta property=\"og:image:width\" content=\"1200\" \/>\n\t<meta property=\"og:image:height\" content=\"705\" \/>\n\t<meta property=\"og:image:type\" content=\"image\/jpeg\" \/>\n<meta name=\"twitter:card\" content=\"summary_large_image\" \/>\n<meta name=\"twitter:site\" content=\"@schokologo\" \/>\n<meta name=\"twitter:label1\" content=\"Verf\u00fcgbarkeit\" \/>\n\t<meta name=\"twitter:data1\" content=\"Auf Lager\" \/>\n<script type=\"application\/ld+json\" class=\"yoast-schema-graph\">{\"@context\":\"https:\/\/schema.org\",\"@graph\":[{\"@type\":\"WebPage\",\"@id\":\"https:\/\/www.schokologo.com\/de\/schokologo\/3er-box\",\"url\":\"https:\/\/www.schokologo.com\/de\/schokologo\/3er-box\",\"name\":\"Schokologo 3er Box\",\"isPartOf\":{\"@id\":\"https:\/\/www.schokologo.com\/de#website\"},\"primaryImageOfPage\":{\"@id\":\"https:\/\/www.schokologo.com\/de\/schokologo\/3er-box#primaryimage\"},\"image\":{\"@id\":\"https:\/\/www.schokologo.com\/de\/schokologo\/3er-box#primaryimage\"},\"thumbnailUrl\":\"https:\/\/www.schokologo.com\/wp-content\/uploads\/2023\/09\/BespokeChocolateBoxOf3_MENTON_4nd.jpg\",\"datePublished\":\"2023-09-27T14:31:58+00:00\",\"dateModified\":\"2025-03-16T09:57:04+00:00\",\"breadcrumb\":{\"@id\":\"https:\/\/www.schokologo.com\/de\/schokologo\/3er-box#breadcrumb\"},\"inLanguage\":\"de\",\"potentialAction\":[{\"@type\":\"ReadAction\",\"target\":[\"https:\/\/www.schokologo.com\/de\/schokologo\/3er-box\"]}]},{\"@type\":\"ImageObject\",\"inLanguage\":\"de\",\"@id\":\"https:\/\/www.schokologo.com\/de\/schokologo\/3er-box#primaryimage\",\"url\":\"https:\/\/www.schokologo.com\/wp-content\/uploads\/2023\/09\/BespokeChocolateBoxOf3_MENTON_4nd.jpg\",\"contentUrl\":\"https:\/\/www.schokologo.com\/wp-content\/uploads\/2023\/09\/BespokeChocolateBoxOf3_MENTON_4nd.jpg\",\"width\":1200,\"height\":705,\"caption\":\"Bespoke-Chocolate-Box-Of-3_MENTON\"},{\"@type\":\"BreadcrumbList\",\"@id\":\"https:\/\/www.schokologo.com\/de\/schokologo\/3er-box#breadcrumb\",\"itemListElement\":[{\"@type\":\"ListItem\",\"position\":1,\"name\":\"Home\",\"item\":\"https:\/\/www.schokologo.com\/de\"},{\"@type\":\"ListItem\",\"position\":2,\"name\":\"Produkte\",\"item\":\"https:\/\/www.schokologo.com\/de\/shop\"},{\"@type\":\"ListItem\",\"position\":3,\"name\":\"3er Box\"}]},{\"@type\":\"WebSite\",\"@id\":\"https:\/\/www.schokologo.com\/de#website\",\"url\":\"https:\/\/www.schokologo.com\/de\",\"name\":\"Schokologo\",\"description\":\"Your finest calling card\",\"publisher\":{\"@id\":\"https:\/\/www.schokologo.com\/de#organization\"},\"alternateName\":\"Ihr Logo aus edler Schokolade\",\"potentialAction\":[{\"@type\":\"SearchAction\",\"target\":{\"@type\":\"EntryPoint\",\"urlTemplate\":\"https:\/\/www.schokologo.com\/de?s={search_term_string}\"},\"query-input\":{\"@type\":\"PropertyValueSpecification\",\"valueRequired\":true,\"valueName\":\"search_term_string\"}}],\"inLanguage\":\"de\"},{\"@type\":\"Organization\",\"@id\":\"https:\/\/www.schokologo.com\/de#organization\",\"name\":\"Schokologo e.K.\",\"alternateName\":\"Schokologo\",\"url\":\"https:\/\/www.schokologo.com\/de\",\"logo\":{\"@type\":\"ImageObject\",\"inLanguage\":\"de\",\"@id\":\"https:\/\/www.schokologo.com\/de#\/schema\/logo\/image\/\",\"url\":\"https:\/\/www.schokologo.com\/wp-content\/uploads\/2023\/09\/SchokoLogo_Logo.svg\",\"contentUrl\":\"https:\/\/www.schokologo.com\/wp-content\/uploads\/2023\/09\/SchokoLogo_Logo.svg\",\"width\":270,\"height\":106,\"caption\":\"Schokologo e.K.\"},\"image\":{\"@id\":\"https:\/\/www.schokologo.com\/de#\/schema\/logo\/image\/\"},\"sameAs\":[\"https:\/\/www.facebook.com\/SCHOKOLOGO\",\"https:\/\/x.com\/schokologo\",\"https:\/\/www.instagram.com\/schoko_logo\"],\"description\":\"Personalisierte Schokoladenprodukte und Sonderanfertigungen aus Schokolade. Wir gestalten individuelle Schokoladenkreationen mit Logos, Texten und Designs nach Ihren W\u00fcnschen. Unsere hochwertigen Schokoladenprodukte sind das ideale Geschenk f\u00fcr Kunden, Gesch\u00e4ftspartner und besondere Anl\u00e4sse. Mit den besten Zutaten und ma\u00dfgeschneiderten L\u00f6sungen pr\u00e4sentieren wir Ihre Markenbotschaft auf einzigartige und k\u00f6stliche Weise. Entdecken Sie die Vielfalt unserer Schokoladenprodukte und hinterlassen Sie einen bleibenden Eindruck mit Schokologo.\",\"email\":\"info@schokologo.com\",\"telephone\":\"3677790\",\"legalName\":\"Schokologo e.K.\",\"foundingDate\":\"2003-01-08\",\"vatID\":\"DE220776735\",\"numberOfEmployees\":{\"@type\":\"QuantitativeValue\",\"minValue\":\"51\",\"maxValue\":\"200\"}}]}<\/script>\n<meta property=\"og:availability\" content=\"instock\" \/>\n<meta property=\"product:availability\" content=\"instock\" \/>\n<meta property=\"product:retailer_item_id\" content=\"SLB307REVMGO\" \/>\n<meta property=\"product:condition\" content=\"new\" \/>\n<!-- \/ Yoast SEO Premium plugin. -->","yoast_head_json":{"title":"Schokologo 3er Box","robots":{"index":"index","follow":"follow","max-snippet":"max-snippet:-1","max-image-preview":"max-image-preview:large","max-video-preview":"max-video-preview:-1"},"canonical":"https:\/\/www.schokologo.com\/de\/schokologo\/3er-box","og_locale":"de_DE","og_type":"article","og_title":"3er Box","og_description":"Drei (3) Logo Schokoladen \u00e1 5x5cm, ca. 14g, verpackt in einer Box. Verschiedene Geschmacksrichtungen sowie unterschiedliche Logos k\u00f6nnen in einer Box kombiniert werden.","og_url":"https:\/\/www.schokologo.com\/de\/schokologo\/3er-box","og_site_name":"Choco-Logo","article_publisher":"https:\/\/www.facebook.com\/SCHOKOLOGO","article_modified_time":"2025-03-16T09:57:04+00:00","og_image":[{"width":1200,"height":705,"url":"https:\/\/www.schokologo.com\/wp-content\/uploads\/2023\/09\/BespokeChocolateBoxOf3_MENTON_4nd.jpg","type":"image\/jpeg"}],"twitter_card":"summary_large_image","twitter_site":"@schokologo","twitter_misc":{"Verf\u00fcgbarkeit":"Auf Lager"},"schema":{"@context":"https:\/\/schema.org","@graph":[{"@type":"WebPage","@id":"https:\/\/www.schokologo.com\/de\/schokologo\/3er-box","url":"https:\/\/www.schokologo.com\/de\/schokologo\/3er-box","name":"Schokologo 3er Box","isPartOf":{"@id":"https:\/\/www.schokologo.com\/de#website"},"primaryImageOfPage":{"@id":"https:\/\/www.schokologo.com\/de\/schokologo\/3er-box#primaryimage"},"image":{"@id":"https:\/\/www.schokologo.com\/de\/schokologo\/3er-box#primaryimage"},"thumbnailUrl":"https:\/\/www.schokologo.com\/wp-content\/uploads\/2023\/09\/BespokeChocolateBoxOf3_MENTON_4nd.jpg","datePublished":"2023-09-27T14:31:58+00:00","dateModified":"2025-03-16T09:57:04+00:00","breadcrumb":{"@id":"https:\/\/www.schokologo.com\/de\/schokologo\/3er-box#breadcrumb"},"inLanguage":"de","potentialAction":[{"@type":"ReadAction","target":["https:\/\/www.schokologo.com\/de\/schokologo\/3er-box"]}]},{"@type":"ImageObject","inLanguage":"de","@id":"https:\/\/www.schokologo.com\/de\/schokologo\/3er-box#primaryimage","url":"https:\/\/www.schokologo.com\/wp-content\/uploads\/2023\/09\/BespokeChocolateBoxOf3_MENTON_4nd.jpg","contentUrl":"https:\/\/www.schokologo.com\/wp-content\/uploads\/2023\/09\/BespokeChocolateBoxOf3_MENTON_4nd.jpg","width":1200,"height":705,"caption":"Bespoke-Chocolate-Box-Of-3_MENTON"},{"@type":"BreadcrumbList","@id":"https:\/\/www.schokologo.com\/de\/schokologo\/3er-box#breadcrumb","itemListElement":[{"@type":"ListItem","position":1,"name":"Home","item":"https:\/\/www.schokologo.com\/de"},{"@type":"ListItem","position":2,"name":"Produkte","item":"https:\/\/www.schokologo.com\/de\/shop"},{"@type":"ListItem","position":3,"name":"3er Box"}]},{"@type":"WebSite","@id":"https:\/\/www.schokologo.com\/de#website","url":"https:\/\/www.schokologo.com\/de","name":"Schokologo","description":"Your finest calling card","publisher":{"@id":"https:\/\/www.schokologo.com\/de#organization"},"alternateName":"Ihr Logo aus edler Schokolade","potentialAction":[{"@type":"SearchAction","target":{"@type":"EntryPoint","urlTemplate":"https:\/\/www.schokologo.com\/de?s={search_term_string}"},"query-input":{"@type":"PropertyValueSpecification","valueRequired":true,"valueName":"search_term_string"}}],"inLanguage":"de"},{"@type":"Organization","@id":"https:\/\/www.schokologo.com\/de#organization","name":"Schokologo e.K.","alternateName":"Schokologo","url":"https:\/\/www.schokologo.com\/de","logo":{"@type":"ImageObject","inLanguage":"de","@id":"https:\/\/www.schokologo.com\/de#\/schema\/logo\/image\/","url":"https:\/\/www.schokologo.com\/wp-content\/uploads\/2023\/09\/SchokoLogo_Logo.svg","contentUrl":"https:\/\/www.schokologo.com\/wp-content\/uploads\/2023\/09\/SchokoLogo_Logo.svg","width":270,"height":106,"caption":"Schokologo e.K."},"image":{"@id":"https:\/\/www.schokologo.com\/de#\/schema\/logo\/image\/"},"sameAs":["https:\/\/www.facebook.com\/SCHOKOLOGO","https:\/\/x.com\/schokologo","https:\/\/www.instagram.com\/schoko_logo"],"description":"Personalisierte Schokoladenprodukte und Sonderanfertigungen aus Schokolade. Wir gestalten individuelle Schokoladenkreationen mit Logos, Texten und Designs nach Ihren W\u00fcnschen. Unsere hochwertigen Schokoladenprodukte sind das ideale Geschenk f\u00fcr Kunden, Gesch\u00e4ftspartner und besondere Anl\u00e4sse. Mit den besten Zutaten und ma\u00dfgeschneiderten L\u00f6sungen pr\u00e4sentieren wir Ihre Markenbotschaft auf einzigartige und k\u00f6stliche Weise. Entdecken Sie die Vielfalt unserer Schokoladenprodukte und hinterlassen Sie einen bleibenden Eindruck mit Schokologo.","email":"info@schokologo.com","telephone":"3677790","legalName":"Schokologo e.K.","foundingDate":"2003-01-08","vatID":"DE220776735","numberOfEmployees":{"@type":"QuantitativeValue","minValue":"51","maxValue":"200"}}]},"og_availability":"instock","product_availability":"instock","product_retailer_item_id":"SLB307REVMGO","product_condition":"new"},"_links":{"self":[{"href":"https:\/\/www.schokologo.com\/de\/wp-json\/wp\/v2\/product\/55256","targetHints":{"allow":["GET"]}}],"collection":[{"href":"https:\/\/www.schokologo.com\/de\/wp-json\/wp\/v2\/product"}],"about":[{"href":"https:\/\/www.schokologo.com\/de\/wp-json\/wp\/v2\/types\/product"}],"version-history":[{"count":1,"href":"https:\/\/www.schokologo.com\/de\/wp-json\/wp\/v2\/product\/55256\/revisions"}],"predecessor-version":[{"id":61524,"href":"https:\/\/www.schokologo.com\/de\/wp-json\/wp\/v2\/product\/55256\/revisions\/61524"}],"wp:featuredmedia":[{"embeddable":true,"href":"https:\/\/www.schokologo.com\/de\/wp-json\/wp\/v2\/media\/47295"}],"wp:attachment":[{"href":"https:\/\/www.schokologo.com\/de\/wp-json\/wp\/v2\/media?parent=55256"}],"wp:term":[{"taxonomy":"product_brand","embeddable":true,"href":"https:\/\/www.schokologo.com\/de\/wp-json\/wp\/v2\/product_brand?post=55256"},{"taxonomy":"product_cat","embeddable":true,"href":"https:\/\/www.schokologo.com\/de\/wp-json\/wp\/v2\/product_cat?post=55256"},{"taxonomy":"product_tag","embeddable":true,"href":"https:\/\/www.schokologo.com\/de\/wp-json\/wp\/v2\/product_tag?post=55256"}],"curies":[{"name":"wp","href":"https:\/\/api.w.org\/{rel}","templated":true}]}}