{"id":55282,"date":"2023-09-27T14:32:05","date_gmt":"2023-09-27T14:32:05","guid":{"rendered":"http:\/\/custom-chocolate.biz\/?product=9er-box-deluxe"},"modified":"2025-03-16T10:56:32","modified_gmt":"2025-03-16T09:56:32","slug":"9er-box-deluxe","status":"publish","type":"product","link":"https:\/\/www.schokologo.com\/de\/schokologo\/9er-box-deluxe","title":{"rendered":"9er Box Deluxe"},"content":{"rendered":"<p>Neun (9) Schokologos \u00e1 \u00a06x3cm verpackt jeweils in eigener Box und zus\u00e4tzlich in einer gro\u00dfen Au\u00dfenbox.<\/p>\n<p>Verschiedene Geschmacksrichtungen sowie unterschiedliche Logos k\u00f6nnen in einer Box kombiniert werden.<\/p>\n<p>Mindestbestellmenge: 50 Boxen.<\/p>\n<p>Verpackungsgr\u00f6\u00dfe: 218x126x12mm<\/p>\n","protected":false},"excerpt":{"rendered":"<p>Neun (9) Logo Schokoladen \u00e1 6x3cm, ca. 10g, verpackt jeweils einzeln in einer Box und zus\u00e4tzlich in einer gro\u00dfen Au\u00dfenverpackung. Verschiedene Geschmacksrichtungen sowie unterschiedliche Logos k\u00f6nnen in einer Box kombiniert werden.<\/p>\n","protected":false},"featured_media":47323,"template":"","meta":{"_acf_changed":false},"product_brand":[],"product_cat":[2988,3002,2996,2940,2960,3004,3000,3006],"product_tag":[3584],"class_list":{"0":"post-55282","1":"product","2":"type-product","3":"status-publish","4":"has-post-thumbnail","6":"product_cat-kundengeschenke","7":"product_cat-kundengeschenke-weihnachten","8":"product_cat-mitarbeitergeschenke","9":"product_cat-schokoladen-sets","10":"product_cat-weihnachten","11":"product_cat-weihnachtsgeschenke-fur-kunden","12":"product_cat-werbe-schokolade","13":"product_cat-werbeartikel-schokolade","14":"product_tag-verpackung","16":"first","17":"outofstock","18":"taxable","19":"shipping-taxable","20":"purchasable","21":"product-type-variable"},"acf":{"sl_product_custom_field":"","sl_inquire_only_product":true},"yoast_head":"<!-- This site is optimized with the Yoast SEO Premium plugin v26.5 (Yoast SEO v27.2) - https:\/\/yoast.com\/product\/yoast-seo-premium-wordpress\/ -->\n<title>Schokologo 9er Box Deluxe<\/title>\n<meta name=\"robots\" content=\"index, follow, max-snippet:-1, max-image-preview:large, max-video-preview:-1\" \/>\n<link rel=\"canonical\" href=\"https:\/\/www.schokologo.com\/de\/schokologo\/9er-box-deluxe\" \/>\n<meta property=\"og:locale\" content=\"de_DE\" \/>\n<meta property=\"og:type\" content=\"article\" \/>\n<meta property=\"og:title\" content=\"9er Box Deluxe\" \/>\n<meta property=\"og:description\" content=\"Neun (9) Logo Schokoladen \u00e1 6x3cm, ca. 10g, verpackt jeweils einzeln in einer Box und zus\u00e4tzlich in einer gro\u00dfen Au\u00dfenverpackung. Verschiedene Geschmacksrichtungen sowie unterschiedliche Logos k\u00f6nnen in einer Box kombiniert werden.\" \/>\n<meta property=\"og:url\" content=\"https:\/\/www.schokologo.com\/de\/schokologo\/9er-box-deluxe\" \/>\n<meta property=\"og:site_name\" content=\"Choco-Logo\" \/>\n<meta property=\"article:publisher\" content=\"https:\/\/www.facebook.com\/SCHOKOLOGO\" \/>\n<meta property=\"article:modified_time\" content=\"2025-03-16T09:56:32+00:00\" \/>\n<meta property=\"og:image\" content=\"https:\/\/www.schokologo.com\/wp-content\/uploads\/2023\/09\/BespokeChocolateBoxOf9_CocaCola_4nd.jpg\" \/>\n\t<meta property=\"og:image:width\" content=\"1200\" \/>\n\t<meta property=\"og:image:height\" content=\"805\" \/>\n\t<meta property=\"og:image:type\" content=\"image\/jpeg\" \/>\n<meta name=\"twitter:card\" content=\"summary_large_image\" \/>\n<meta name=\"twitter:site\" content=\"@schokologo\" \/>\n<meta name=\"twitter:label1\" content=\"Verf\u00fcgbarkeit\" \/>\n\t<meta name=\"twitter:data1\" content=\"ausverkauft\" \/>\n<script type=\"application\/ld+json\" class=\"yoast-schema-graph\">{\"@context\":\"https:\/\/schema.org\",\"@graph\":[{\"@type\":\"WebPage\",\"@id\":\"https:\/\/www.schokologo.com\/de\/schokologo\/9er-box-deluxe\",\"url\":\"https:\/\/www.schokologo.com\/de\/schokologo\/9er-box-deluxe\",\"name\":\"Schokologo 9er Box Deluxe\",\"isPartOf\":{\"@id\":\"https:\/\/www.schokologo.com\/de#website\"},\"primaryImageOfPage\":{\"@id\":\"https:\/\/www.schokologo.com\/de\/schokologo\/9er-box-deluxe#primaryimage\"},\"image\":{\"@id\":\"https:\/\/www.schokologo.com\/de\/schokologo\/9er-box-deluxe#primaryimage\"},\"thumbnailUrl\":\"https:\/\/www.schokologo.com\/wp-content\/uploads\/2023\/09\/BespokeChocolateBoxOf9_CocaCola_4nd.jpg\",\"datePublished\":\"2023-09-27T14:32:05+00:00\",\"dateModified\":\"2025-03-16T09:56:32+00:00\",\"breadcrumb\":{\"@id\":\"https:\/\/www.schokologo.com\/de\/schokologo\/9er-box-deluxe#breadcrumb\"},\"inLanguage\":\"de\",\"potentialAction\":[{\"@type\":\"ReadAction\",\"target\":[\"https:\/\/www.schokologo.com\/de\/schokologo\/9er-box-deluxe\"]}]},{\"@type\":\"ImageObject\",\"inLanguage\":\"de\",\"@id\":\"https:\/\/www.schokologo.com\/de\/schokologo\/9er-box-deluxe#primaryimage\",\"url\":\"https:\/\/www.schokologo.com\/wp-content\/uploads\/2023\/09\/BespokeChocolateBoxOf9_CocaCola_4nd.jpg\",\"contentUrl\":\"https:\/\/www.schokologo.com\/wp-content\/uploads\/2023\/09\/BespokeChocolateBoxOf9_CocaCola_4nd.jpg\",\"width\":1200,\"height\":805,\"caption\":\"Bespoke-Chocolate-Box-Of-9_Coca-Cola\"},{\"@type\":\"BreadcrumbList\",\"@id\":\"https:\/\/www.schokologo.com\/de\/schokologo\/9er-box-deluxe#breadcrumb\",\"itemListElement\":[{\"@type\":\"ListItem\",\"position\":1,\"name\":\"Home\",\"item\":\"https:\/\/www.schokologo.com\/de\"},{\"@type\":\"ListItem\",\"position\":2,\"name\":\"Produkte\",\"item\":\"https:\/\/www.schokologo.com\/de\/shop\"},{\"@type\":\"ListItem\",\"position\":3,\"name\":\"9er Box Deluxe\"}]},{\"@type\":\"WebSite\",\"@id\":\"https:\/\/www.schokologo.com\/de#website\",\"url\":\"https:\/\/www.schokologo.com\/de\",\"name\":\"Schokologo\",\"description\":\"Your finest calling card\",\"publisher\":{\"@id\":\"https:\/\/www.schokologo.com\/de#organization\"},\"alternateName\":\"Ihr Logo aus edler Schokolade\",\"potentialAction\":[{\"@type\":\"SearchAction\",\"target\":{\"@type\":\"EntryPoint\",\"urlTemplate\":\"https:\/\/www.schokologo.com\/de?s={search_term_string}\"},\"query-input\":{\"@type\":\"PropertyValueSpecification\",\"valueRequired\":true,\"valueName\":\"search_term_string\"}}],\"inLanguage\":\"de\"},{\"@type\":\"Organization\",\"@id\":\"https:\/\/www.schokologo.com\/de#organization\",\"name\":\"Schokologo e.K.\",\"alternateName\":\"Schokologo\",\"url\":\"https:\/\/www.schokologo.com\/de\",\"logo\":{\"@type\":\"ImageObject\",\"inLanguage\":\"de\",\"@id\":\"https:\/\/www.schokologo.com\/de#\/schema\/logo\/image\/\",\"url\":\"https:\/\/www.schokologo.com\/wp-content\/uploads\/2023\/09\/SchokoLogo_Logo.svg\",\"contentUrl\":\"https:\/\/www.schokologo.com\/wp-content\/uploads\/2023\/09\/SchokoLogo_Logo.svg\",\"width\":270,\"height\":106,\"caption\":\"Schokologo e.K.\"},\"image\":{\"@id\":\"https:\/\/www.schokologo.com\/de#\/schema\/logo\/image\/\"},\"sameAs\":[\"https:\/\/www.facebook.com\/SCHOKOLOGO\",\"https:\/\/x.com\/schokologo\",\"https:\/\/www.instagram.com\/schoko_logo\"],\"description\":\"Personalisierte Schokoladenprodukte und Sonderanfertigungen aus Schokolade. Wir gestalten individuelle Schokoladenkreationen mit Logos, Texten und Designs nach Ihren W\u00fcnschen. Unsere hochwertigen Schokoladenprodukte sind das ideale Geschenk f\u00fcr Kunden, Gesch\u00e4ftspartner und besondere Anl\u00e4sse. Mit den besten Zutaten und ma\u00dfgeschneiderten L\u00f6sungen pr\u00e4sentieren wir Ihre Markenbotschaft auf einzigartige und k\u00f6stliche Weise. Entdecken Sie die Vielfalt unserer Schokoladenprodukte und hinterlassen Sie einen bleibenden Eindruck mit Schokologo.\",\"email\":\"info@schokologo.com\",\"telephone\":\"3677790\",\"legalName\":\"Schokologo e.K.\",\"foundingDate\":\"2003-01-08\",\"vatID\":\"DE220776735\",\"numberOfEmployees\":{\"@type\":\"QuantitativeValue\",\"minValue\":\"51\",\"maxValue\":\"200\"}}]}<\/script>\n<meta property=\"og:availability\" content=\"out of stock\" \/>\n<meta property=\"product:availability\" content=\"out of stock\" \/>\n<meta property=\"product:retailer_item_id\" content=\"SLB909REVMGO\" \/>\n<meta property=\"product:condition\" content=\"new\" \/>\n<!-- \/ Yoast SEO Premium plugin. -->","yoast_head_json":{"title":"Schokologo 9er Box Deluxe","robots":{"index":"index","follow":"follow","max-snippet":"max-snippet:-1","max-image-preview":"max-image-preview:large","max-video-preview":"max-video-preview:-1"},"canonical":"https:\/\/www.schokologo.com\/de\/schokologo\/9er-box-deluxe","og_locale":"de_DE","og_type":"article","og_title":"9er Box Deluxe","og_description":"Neun (9) Logo Schokoladen \u00e1 6x3cm, ca. 10g, verpackt jeweils einzeln in einer Box und zus\u00e4tzlich in einer gro\u00dfen Au\u00dfenverpackung. Verschiedene Geschmacksrichtungen sowie unterschiedliche Logos k\u00f6nnen in einer Box kombiniert werden.","og_url":"https:\/\/www.schokologo.com\/de\/schokologo\/9er-box-deluxe","og_site_name":"Choco-Logo","article_publisher":"https:\/\/www.facebook.com\/SCHOKOLOGO","article_modified_time":"2025-03-16T09:56:32+00:00","og_image":[{"width":1200,"height":805,"url":"https:\/\/www.schokologo.com\/wp-content\/uploads\/2023\/09\/BespokeChocolateBoxOf9_CocaCola_4nd.jpg","type":"image\/jpeg"}],"twitter_card":"summary_large_image","twitter_site":"@schokologo","twitter_misc":{"Verf\u00fcgbarkeit":"ausverkauft"},"schema":{"@context":"https:\/\/schema.org","@graph":[{"@type":"WebPage","@id":"https:\/\/www.schokologo.com\/de\/schokologo\/9er-box-deluxe","url":"https:\/\/www.schokologo.com\/de\/schokologo\/9er-box-deluxe","name":"Schokologo 9er Box Deluxe","isPartOf":{"@id":"https:\/\/www.schokologo.com\/de#website"},"primaryImageOfPage":{"@id":"https:\/\/www.schokologo.com\/de\/schokologo\/9er-box-deluxe#primaryimage"},"image":{"@id":"https:\/\/www.schokologo.com\/de\/schokologo\/9er-box-deluxe#primaryimage"},"thumbnailUrl":"https:\/\/www.schokologo.com\/wp-content\/uploads\/2023\/09\/BespokeChocolateBoxOf9_CocaCola_4nd.jpg","datePublished":"2023-09-27T14:32:05+00:00","dateModified":"2025-03-16T09:56:32+00:00","breadcrumb":{"@id":"https:\/\/www.schokologo.com\/de\/schokologo\/9er-box-deluxe#breadcrumb"},"inLanguage":"de","potentialAction":[{"@type":"ReadAction","target":["https:\/\/www.schokologo.com\/de\/schokologo\/9er-box-deluxe"]}]},{"@type":"ImageObject","inLanguage":"de","@id":"https:\/\/www.schokologo.com\/de\/schokologo\/9er-box-deluxe#primaryimage","url":"https:\/\/www.schokologo.com\/wp-content\/uploads\/2023\/09\/BespokeChocolateBoxOf9_CocaCola_4nd.jpg","contentUrl":"https:\/\/www.schokologo.com\/wp-content\/uploads\/2023\/09\/BespokeChocolateBoxOf9_CocaCola_4nd.jpg","width":1200,"height":805,"caption":"Bespoke-Chocolate-Box-Of-9_Coca-Cola"},{"@type":"BreadcrumbList","@id":"https:\/\/www.schokologo.com\/de\/schokologo\/9er-box-deluxe#breadcrumb","itemListElement":[{"@type":"ListItem","position":1,"name":"Home","item":"https:\/\/www.schokologo.com\/de"},{"@type":"ListItem","position":2,"name":"Produkte","item":"https:\/\/www.schokologo.com\/de\/shop"},{"@type":"ListItem","position":3,"name":"9er Box Deluxe"}]},{"@type":"WebSite","@id":"https:\/\/www.schokologo.com\/de#website","url":"https:\/\/www.schokologo.com\/de","name":"Schokologo","description":"Your finest calling card","publisher":{"@id":"https:\/\/www.schokologo.com\/de#organization"},"alternateName":"Ihr Logo aus edler Schokolade","potentialAction":[{"@type":"SearchAction","target":{"@type":"EntryPoint","urlTemplate":"https:\/\/www.schokologo.com\/de?s={search_term_string}"},"query-input":{"@type":"PropertyValueSpecification","valueRequired":true,"valueName":"search_term_string"}}],"inLanguage":"de"},{"@type":"Organization","@id":"https:\/\/www.schokologo.com\/de#organization","name":"Schokologo e.K.","alternateName":"Schokologo","url":"https:\/\/www.schokologo.com\/de","logo":{"@type":"ImageObject","inLanguage":"de","@id":"https:\/\/www.schokologo.com\/de#\/schema\/logo\/image\/","url":"https:\/\/www.schokologo.com\/wp-content\/uploads\/2023\/09\/SchokoLogo_Logo.svg","contentUrl":"https:\/\/www.schokologo.com\/wp-content\/uploads\/2023\/09\/SchokoLogo_Logo.svg","width":270,"height":106,"caption":"Schokologo e.K."},"image":{"@id":"https:\/\/www.schokologo.com\/de#\/schema\/logo\/image\/"},"sameAs":["https:\/\/www.facebook.com\/SCHOKOLOGO","https:\/\/x.com\/schokologo","https:\/\/www.instagram.com\/schoko_logo"],"description":"Personalisierte Schokoladenprodukte und Sonderanfertigungen aus Schokolade. Wir gestalten individuelle Schokoladenkreationen mit Logos, Texten und Designs nach Ihren W\u00fcnschen. Unsere hochwertigen Schokoladenprodukte sind das ideale Geschenk f\u00fcr Kunden, Gesch\u00e4ftspartner und besondere Anl\u00e4sse. Mit den besten Zutaten und ma\u00dfgeschneiderten L\u00f6sungen pr\u00e4sentieren wir Ihre Markenbotschaft auf einzigartige und k\u00f6stliche Weise. Entdecken Sie die Vielfalt unserer Schokoladenprodukte und hinterlassen Sie einen bleibenden Eindruck mit Schokologo.","email":"info@schokologo.com","telephone":"3677790","legalName":"Schokologo e.K.","foundingDate":"2003-01-08","vatID":"DE220776735","numberOfEmployees":{"@type":"QuantitativeValue","minValue":"51","maxValue":"200"}}]},"og_availability":"out of stock","product_availability":"out of stock","product_retailer_item_id":"SLB909REVMGO","product_condition":"new"},"_links":{"self":[{"href":"https:\/\/www.schokologo.com\/de\/wp-json\/wp\/v2\/product\/55282","targetHints":{"allow":["GET"]}}],"collection":[{"href":"https:\/\/www.schokologo.com\/de\/wp-json\/wp\/v2\/product"}],"about":[{"href":"https:\/\/www.schokologo.com\/de\/wp-json\/wp\/v2\/types\/product"}],"version-history":[{"count":2,"href":"https:\/\/www.schokologo.com\/de\/wp-json\/wp\/v2\/product\/55282\/revisions"}],"predecessor-version":[{"id":61697,"href":"https:\/\/www.schokologo.com\/de\/wp-json\/wp\/v2\/product\/55282\/revisions\/61697"}],"wp:featuredmedia":[{"embeddable":true,"href":"https:\/\/www.schokologo.com\/de\/wp-json\/wp\/v2\/media\/47323"}],"wp:attachment":[{"href":"https:\/\/www.schokologo.com\/de\/wp-json\/wp\/v2\/media?parent=55282"}],"wp:term":[{"taxonomy":"product_brand","embeddable":true,"href":"https:\/\/www.schokologo.com\/de\/wp-json\/wp\/v2\/product_brand?post=55282"},{"taxonomy":"product_cat","embeddable":true,"href":"https:\/\/www.schokologo.com\/de\/wp-json\/wp\/v2\/product_cat?post=55282"},{"taxonomy":"product_tag","embeddable":true,"href":"https:\/\/www.schokologo.com\/de\/wp-json\/wp\/v2\/product_tag?post=55282"}],"curies":[{"name":"wp","href":"https:\/\/api.w.org\/{rel}","templated":true}]}}