{"id":56766,"date":"2023-09-27T14:40:30","date_gmt":"2023-09-27T14:40:30","guid":{"rendered":"http:\/\/custom-chocolate.biz\/?product=schoko-card-6314"},"modified":"2024-05-28T11:40:34","modified_gmt":"2024-05-28T09:40:34","slug":"schoko-card-6314","status":"publish","type":"product","link":"https:\/\/www.schokologo.com\/de\/schokologo\/schoko-card-6314","title":{"rendered":"Schoko-Card 6314"},"content":{"rendered":"<p>Bestell-Nr. 6314<br \/>Format 11,5 x 17 cm<br \/>Druck auf glattem Karton.<br \/>Kuvert silber.<\/p>\n<p>Jedes Schokot\u00e4felchen wird erst in Cellophan und dann in einer Gold oder Silbernen Geschenkbox verpackt.&nbsp;<\/p>\n<p>Auf der Box ist &#8222;Frohe Weihnachten&#8220;, &#8222;Frohe Ostern&#8220; oder ein anderer Gru\u00df eingepr\u00e4gt. Alternativ kann auch Ihr Firmenname auf der Gold- oder Silberbox eingepr\u00e4gt werden.<br \/>Die Schokolade kann mit einem feierlichen Standard-Motiv geliefert werden oder mit einem individuellen Gru\u00df (ab 300 St.), Ihrem Logo und\/oder weiterer Botschaften und Slogans gepr\u00e4gt. Die Grenzen sind nur durch die eigene Kreativit\u00e4t gesetzt.<br \/>Unsere Vollmilchschokolade ist aus feinster belgischer Qualit\u00e4tsschokolade. Hohe Pr\u00e4zision und Detailgenauigkeit ist unsere Spezialit\u00e4t.<\/p>\n<p>Ma\u00dfe: 50 x 60 mm, Gewicht: ca. 10-15g.&nbsp;<\/p>\n","protected":false},"excerpt":{"rendered":"<p>Den Effekt der Sendung einer Gru\u00dfkarte k\u00f6nnen Sie noch steigern, indem Sie eine s\u00fc\u00dfe \u00dcberraschung beif\u00fcgen, in Form einer Schokoladentafel bester Qualit\u00e4t aus feinster belgischer Schokolade gepr\u00e4gt mit einem weihnachtlichen Motiv oder Ihrem Firmenlogo .<\/p>\n","protected":false},"featured_media":49015,"template":"","meta":{"_acf_changed":false},"product_brand":[2904],"product_cat":[3002,2960,3004],"product_tag":[],"class_list":{"0":"post-56766","1":"product","2":"type-product","3":"status-publish","4":"has-post-thumbnail","6":"product_brand-schokologo-e-k","7":"product_cat-kundengeschenke-weihnachten","8":"product_cat-weihnachten","9":"product_cat-weihnachtsgeschenke-fur-kunden","11":"first","12":"instock","13":"taxable","14":"shipping-taxable","15":"purchasable","16":"product-type-variable"},"acf":{"sl_product_custom_field":"","sl_inquire_only_product":true},"yoast_head":"<!-- This site is optimized with the Yoast SEO Premium plugin v26.5 (Yoast SEO v27.2) - https:\/\/yoast.com\/product\/yoast-seo-premium-wordpress\/ -->\n<title>Schoko-Card 6314<\/title>\n<meta name=\"robots\" content=\"index, follow, max-snippet:-1, max-image-preview:large, max-video-preview:-1\" \/>\n<link rel=\"canonical\" href=\"https:\/\/www.schokologo.com\/de\/schokologo\/schoko-card-6314\" \/>\n<meta property=\"og:locale\" content=\"de_DE\" \/>\n<meta property=\"og:type\" content=\"article\" \/>\n<meta property=\"og:title\" content=\"Schoko-Card 6314\" \/>\n<meta property=\"og:description\" content=\"Den Effekt der Sendung einer Gru\u00dfkarte k\u00f6nnen Sie noch steigern, indem Sie eine s\u00fc\u00dfe \u00dcberraschung beif\u00fcgen, in Form einer Schokoladentafel bester Qualit\u00e4t aus feinster belgischer Schokolade gepr\u00e4gt mit einem weihnachtlichen Motiv oder Ihrem Firmenlogo .\" \/>\n<meta property=\"og:url\" content=\"https:\/\/www.schokologo.com\/de\/schokologo\/schoko-card-6314\" \/>\n<meta property=\"og:site_name\" content=\"Choco-Logo\" \/>\n<meta property=\"article:publisher\" content=\"https:\/\/www.facebook.com\/SCHOKOLOGO\" \/>\n<meta property=\"article:modified_time\" content=\"2024-05-28T09:40:34+00:00\" \/>\n<meta property=\"og:image\" content=\"https:\/\/www.schokologo.com\/wp-content\/uploads\/2023\/09\/ChocoCardXmasKO6314_4nd.jpg\" \/>\n\t<meta property=\"og:image:width\" content=\"600\" \/>\n\t<meta property=\"og:image:height\" content=\"406\" \/>\n\t<meta property=\"og:image:type\" content=\"image\/jpeg\" \/>\n<meta name=\"twitter:card\" content=\"summary_large_image\" \/>\n<meta name=\"twitter:site\" content=\"@schokologo\" \/>\n<meta name=\"twitter:label1\" content=\"Verf\u00fcgbarkeit\" \/>\n\t<meta name=\"twitter:data1\" content=\"Auf Lager\" \/>\n<script type=\"application\/ld+json\" class=\"yoast-schema-graph\">{\"@context\":\"https:\/\/schema.org\",\"@graph\":[{\"@type\":\"WebPage\",\"@id\":\"https:\/\/www.schokologo.com\/de\/schokologo\/schoko-card-6314\",\"url\":\"https:\/\/www.schokologo.com\/de\/schokologo\/schoko-card-6314\",\"name\":\"Schoko-Card 6314\",\"isPartOf\":{\"@id\":\"https:\/\/www.schokologo.com\/de#website\"},\"primaryImageOfPage\":{\"@id\":\"https:\/\/www.schokologo.com\/de\/schokologo\/schoko-card-6314#primaryimage\"},\"image\":{\"@id\":\"https:\/\/www.schokologo.com\/de\/schokologo\/schoko-card-6314#primaryimage\"},\"thumbnailUrl\":\"https:\/\/www.schokologo.com\/wp-content\/uploads\/2023\/09\/ChocoCardXmasKO6314_4nd.jpg\",\"datePublished\":\"2023-09-27T14:40:30+00:00\",\"dateModified\":\"2024-05-28T09:40:34+00:00\",\"breadcrumb\":{\"@id\":\"https:\/\/www.schokologo.com\/de\/schokologo\/schoko-card-6314#breadcrumb\"},\"inLanguage\":\"de\",\"potentialAction\":[{\"@type\":\"ReadAction\",\"target\":[\"https:\/\/www.schokologo.com\/de\/schokologo\/schoko-card-6314\"]}]},{\"@type\":\"ImageObject\",\"inLanguage\":\"de\",\"@id\":\"https:\/\/www.schokologo.com\/de\/schokologo\/schoko-card-6314#primaryimage\",\"url\":\"https:\/\/www.schokologo.com\/wp-content\/uploads\/2023\/09\/ChocoCardXmasKO6314_4nd.jpg\",\"contentUrl\":\"https:\/\/www.schokologo.com\/wp-content\/uploads\/2023\/09\/ChocoCardXmasKO6314_4nd.jpg\",\"width\":600,\"height\":406,\"caption\":\"Choco-Card-X-mas-KO6314\"},{\"@type\":\"BreadcrumbList\",\"@id\":\"https:\/\/www.schokologo.com\/de\/schokologo\/schoko-card-6314#breadcrumb\",\"itemListElement\":[{\"@type\":\"ListItem\",\"position\":1,\"name\":\"Home\",\"item\":\"https:\/\/www.schokologo.com\/de\"},{\"@type\":\"ListItem\",\"position\":2,\"name\":\"Produkte\",\"item\":\"https:\/\/www.schokologo.com\/de\/shop\"},{\"@type\":\"ListItem\",\"position\":3,\"name\":\"Schoko-Card 6314\"}]},{\"@type\":\"WebSite\",\"@id\":\"https:\/\/www.schokologo.com\/de#website\",\"url\":\"https:\/\/www.schokologo.com\/de\",\"name\":\"Schokologo\",\"description\":\"Your finest calling card\",\"publisher\":{\"@id\":\"https:\/\/www.schokologo.com\/de#organization\"},\"alternateName\":\"Ihr Logo aus edler Schokolade\",\"potentialAction\":[{\"@type\":\"SearchAction\",\"target\":{\"@type\":\"EntryPoint\",\"urlTemplate\":\"https:\/\/www.schokologo.com\/de?s={search_term_string}\"},\"query-input\":{\"@type\":\"PropertyValueSpecification\",\"valueRequired\":true,\"valueName\":\"search_term_string\"}}],\"inLanguage\":\"de\"},{\"@type\":\"Organization\",\"@id\":\"https:\/\/www.schokologo.com\/de#organization\",\"name\":\"Schokologo e.K.\",\"alternateName\":\"Schokologo\",\"url\":\"https:\/\/www.schokologo.com\/de\",\"logo\":{\"@type\":\"ImageObject\",\"inLanguage\":\"de\",\"@id\":\"https:\/\/www.schokologo.com\/de#\/schema\/logo\/image\/\",\"url\":\"https:\/\/www.schokologo.com\/wp-content\/uploads\/2023\/09\/SchokoLogo_Logo.svg\",\"contentUrl\":\"https:\/\/www.schokologo.com\/wp-content\/uploads\/2023\/09\/SchokoLogo_Logo.svg\",\"width\":270,\"height\":106,\"caption\":\"Schokologo e.K.\"},\"image\":{\"@id\":\"https:\/\/www.schokologo.com\/de#\/schema\/logo\/image\/\"},\"sameAs\":[\"https:\/\/www.facebook.com\/SCHOKOLOGO\",\"https:\/\/x.com\/schokologo\",\"https:\/\/www.instagram.com\/schoko_logo\"],\"description\":\"Personalisierte Schokoladenprodukte und Sonderanfertigungen aus Schokolade. Wir gestalten individuelle Schokoladenkreationen mit Logos, Texten und Designs nach Ihren W\u00fcnschen. Unsere hochwertigen Schokoladenprodukte sind das ideale Geschenk f\u00fcr Kunden, Gesch\u00e4ftspartner und besondere Anl\u00e4sse. Mit den besten Zutaten und ma\u00dfgeschneiderten L\u00f6sungen pr\u00e4sentieren wir Ihre Markenbotschaft auf einzigartige und k\u00f6stliche Weise. Entdecken Sie die Vielfalt unserer Schokoladenprodukte und hinterlassen Sie einen bleibenden Eindruck mit Schokologo.\",\"email\":\"info@schokologo.com\",\"telephone\":\"3677790\",\"legalName\":\"Schokologo e.K.\",\"foundingDate\":\"2003-01-08\",\"vatID\":\"DE220776735\",\"numberOfEmployees\":{\"@type\":\"QuantitativeValue\",\"minValue\":\"51\",\"maxValue\":\"200\"}}]}<\/script>\n<meta property=\"og:availability\" content=\"instock\" \/>\n<meta property=\"product:availability\" content=\"instock\" \/>\n<meta property=\"product:retailer_item_id\" content=\"SC0010REVMGO-6314\" \/>\n<meta property=\"product:condition\" content=\"new\" \/>\n<!-- \/ Yoast SEO Premium plugin. -->","yoast_head_json":{"title":"Schoko-Card 6314","robots":{"index":"index","follow":"follow","max-snippet":"max-snippet:-1","max-image-preview":"max-image-preview:large","max-video-preview":"max-video-preview:-1"},"canonical":"https:\/\/www.schokologo.com\/de\/schokologo\/schoko-card-6314","og_locale":"de_DE","og_type":"article","og_title":"Schoko-Card 6314","og_description":"Den Effekt der Sendung einer Gru\u00dfkarte k\u00f6nnen Sie noch steigern, indem Sie eine s\u00fc\u00dfe \u00dcberraschung beif\u00fcgen, in Form einer Schokoladentafel bester Qualit\u00e4t aus feinster belgischer Schokolade gepr\u00e4gt mit einem weihnachtlichen Motiv oder Ihrem Firmenlogo .","og_url":"https:\/\/www.schokologo.com\/de\/schokologo\/schoko-card-6314","og_site_name":"Choco-Logo","article_publisher":"https:\/\/www.facebook.com\/SCHOKOLOGO","article_modified_time":"2024-05-28T09:40:34+00:00","og_image":[{"width":600,"height":406,"url":"https:\/\/www.schokologo.com\/wp-content\/uploads\/2023\/09\/ChocoCardXmasKO6314_4nd.jpg","type":"image\/jpeg"}],"twitter_card":"summary_large_image","twitter_site":"@schokologo","twitter_misc":{"Verf\u00fcgbarkeit":"Auf Lager"},"schema":{"@context":"https:\/\/schema.org","@graph":[{"@type":"WebPage","@id":"https:\/\/www.schokologo.com\/de\/schokologo\/schoko-card-6314","url":"https:\/\/www.schokologo.com\/de\/schokologo\/schoko-card-6314","name":"Schoko-Card 6314","isPartOf":{"@id":"https:\/\/www.schokologo.com\/de#website"},"primaryImageOfPage":{"@id":"https:\/\/www.schokologo.com\/de\/schokologo\/schoko-card-6314#primaryimage"},"image":{"@id":"https:\/\/www.schokologo.com\/de\/schokologo\/schoko-card-6314#primaryimage"},"thumbnailUrl":"https:\/\/www.schokologo.com\/wp-content\/uploads\/2023\/09\/ChocoCardXmasKO6314_4nd.jpg","datePublished":"2023-09-27T14:40:30+00:00","dateModified":"2024-05-28T09:40:34+00:00","breadcrumb":{"@id":"https:\/\/www.schokologo.com\/de\/schokologo\/schoko-card-6314#breadcrumb"},"inLanguage":"de","potentialAction":[{"@type":"ReadAction","target":["https:\/\/www.schokologo.com\/de\/schokologo\/schoko-card-6314"]}]},{"@type":"ImageObject","inLanguage":"de","@id":"https:\/\/www.schokologo.com\/de\/schokologo\/schoko-card-6314#primaryimage","url":"https:\/\/www.schokologo.com\/wp-content\/uploads\/2023\/09\/ChocoCardXmasKO6314_4nd.jpg","contentUrl":"https:\/\/www.schokologo.com\/wp-content\/uploads\/2023\/09\/ChocoCardXmasKO6314_4nd.jpg","width":600,"height":406,"caption":"Choco-Card-X-mas-KO6314"},{"@type":"BreadcrumbList","@id":"https:\/\/www.schokologo.com\/de\/schokologo\/schoko-card-6314#breadcrumb","itemListElement":[{"@type":"ListItem","position":1,"name":"Home","item":"https:\/\/www.schokologo.com\/de"},{"@type":"ListItem","position":2,"name":"Produkte","item":"https:\/\/www.schokologo.com\/de\/shop"},{"@type":"ListItem","position":3,"name":"Schoko-Card 6314"}]},{"@type":"WebSite","@id":"https:\/\/www.schokologo.com\/de#website","url":"https:\/\/www.schokologo.com\/de","name":"Schokologo","description":"Your finest calling card","publisher":{"@id":"https:\/\/www.schokologo.com\/de#organization"},"alternateName":"Ihr Logo aus edler Schokolade","potentialAction":[{"@type":"SearchAction","target":{"@type":"EntryPoint","urlTemplate":"https:\/\/www.schokologo.com\/de?s={search_term_string}"},"query-input":{"@type":"PropertyValueSpecification","valueRequired":true,"valueName":"search_term_string"}}],"inLanguage":"de"},{"@type":"Organization","@id":"https:\/\/www.schokologo.com\/de#organization","name":"Schokologo e.K.","alternateName":"Schokologo","url":"https:\/\/www.schokologo.com\/de","logo":{"@type":"ImageObject","inLanguage":"de","@id":"https:\/\/www.schokologo.com\/de#\/schema\/logo\/image\/","url":"https:\/\/www.schokologo.com\/wp-content\/uploads\/2023\/09\/SchokoLogo_Logo.svg","contentUrl":"https:\/\/www.schokologo.com\/wp-content\/uploads\/2023\/09\/SchokoLogo_Logo.svg","width":270,"height":106,"caption":"Schokologo e.K."},"image":{"@id":"https:\/\/www.schokologo.com\/de#\/schema\/logo\/image\/"},"sameAs":["https:\/\/www.facebook.com\/SCHOKOLOGO","https:\/\/x.com\/schokologo","https:\/\/www.instagram.com\/schoko_logo"],"description":"Personalisierte Schokoladenprodukte und Sonderanfertigungen aus Schokolade. Wir gestalten individuelle Schokoladenkreationen mit Logos, Texten und Designs nach Ihren W\u00fcnschen. Unsere hochwertigen Schokoladenprodukte sind das ideale Geschenk f\u00fcr Kunden, Gesch\u00e4ftspartner und besondere Anl\u00e4sse. Mit den besten Zutaten und ma\u00dfgeschneiderten L\u00f6sungen pr\u00e4sentieren wir Ihre Markenbotschaft auf einzigartige und k\u00f6stliche Weise. Entdecken Sie die Vielfalt unserer Schokoladenprodukte und hinterlassen Sie einen bleibenden Eindruck mit Schokologo.","email":"info@schokologo.com","telephone":"3677790","legalName":"Schokologo e.K.","foundingDate":"2003-01-08","vatID":"DE220776735","numberOfEmployees":{"@type":"QuantitativeValue","minValue":"51","maxValue":"200"}}]},"og_availability":"instock","product_availability":"instock","product_retailer_item_id":"SC0010REVMGO-6314","product_condition":"new"},"_links":{"self":[{"href":"https:\/\/www.schokologo.com\/de\/wp-json\/wp\/v2\/product\/56766","targetHints":{"allow":["GET"]}}],"collection":[{"href":"https:\/\/www.schokologo.com\/de\/wp-json\/wp\/v2\/product"}],"about":[{"href":"https:\/\/www.schokologo.com\/de\/wp-json\/wp\/v2\/types\/product"}],"version-history":[{"count":0,"href":"https:\/\/www.schokologo.com\/de\/wp-json\/wp\/v2\/product\/56766\/revisions"}],"wp:featuredmedia":[{"embeddable":true,"href":"https:\/\/www.schokologo.com\/de\/wp-json\/wp\/v2\/media\/49015"}],"wp:attachment":[{"href":"https:\/\/www.schokologo.com\/de\/wp-json\/wp\/v2\/media?parent=56766"}],"wp:term":[{"taxonomy":"product_brand","embeddable":true,"href":"https:\/\/www.schokologo.com\/de\/wp-json\/wp\/v2\/product_brand?post=56766"},{"taxonomy":"product_cat","embeddable":true,"href":"https:\/\/www.schokologo.com\/de\/wp-json\/wp\/v2\/product_cat?post=56766"},{"taxonomy":"product_tag","embeddable":true,"href":"https:\/\/www.schokologo.com\/de\/wp-json\/wp\/v2\/product_tag?post=56766"}],"curies":[{"name":"wp","href":"https:\/\/api.w.org\/{rel}","templated":true}]}}