{"id":40909,"date":"2023-09-16T15:29:16","date_gmt":"2023-09-16T15:29:16","guid":{"rendered":"http:\/\/custom-chocolate.biz?p=40909"},"modified":"2023-09-16T15:29:16","modified_gmt":"2023-09-16T15:29:16","slug":"herstellung-en","status":"publish","type":"page","link":"https:\/\/www.schokologo.com\/en\/herstellung-en","title":{"rendered":"Herstellung"},"content":{"rendered":"<h2>Handwerkskunst auf h\u00f6chstem technischen Niveau<\/h2>\n<p>Schokologo verbindet handwerkliche Tradition mit modernster Technologie. W\u00e4hrend wir unsere hochwertige Schokolade nach original belgischem Rezept handgemacht produzieren, setzen wir bei der Herstellung der Schokologos und Sonderformen auf innovative technische Methoden, um die Schokolade so pr\u00e4zise wie nur m\u00f6glich mit den Logos der Kundenunternehmen oder Produktabbildungen pr\u00e4gen zu k\u00f6nnen.<\/p>\n<p>Zuerst ben\u00f6tigen wir daf\u00fcr eine druckf\u00e4hige Strichzeichnung des Logos oder Produkts mit mindestens 300 dpi. Die gewonnen Daten verarbeiten wir weiter und gie\u00dfen anschlie\u00dfend die Schokolade in millimetergenau zugeschnittenen Formen. Anschlie\u00dfend wird die Schokolade gek\u00fchlt und von unserem Qualit\u00e4tsteam eingehend und sorgf\u00e4ltig gepr\u00fcft. Gen\u00fcgt die Logoschokolade unseren h\u00f6chsten Anspr\u00fcchen, wird die Ware verpackt und unverz\u00fcglich an die Firmen oder direkt im Kundennamen versendet.<\/p>\n","protected":false},"excerpt":{"rendered":"<p>Handwerkskunst auf h\u00f6chstem technischen Niveau Schokologo verbindet handwerkliche Tradition mit modernster Technologie. W\u00e4hrend wir unsere hochwertige Schokolade nach original belgischem Rezept handgemacht produzieren, setzen wir bei der Herstellung der Schokologos und Sonderformen auf innovative technische Methoden, um die Schokolade so pr\u00e4zise wie nur m\u00f6glich mit den Logos der Kundenunternehmen oder Produktabbildungen pr\u00e4gen zu k\u00f6nnen. Zuerst [&hellip;]<\/p>\n","protected":false},"author":1,"featured_media":0,"parent":0,"menu_order":0,"comment_status":"open","ping_status":"open","template":"","meta":{"_acf_changed":false,"footnotes":""},"class_list":["post-40909","page","type-page","status-publish","hentry"],"acf":[],"yoast_head":"<!-- This site is optimized with the Yoast SEO Premium plugin v26.5 (Yoast SEO v27.2) - https:\/\/yoast.com\/product\/yoast-seo-premium-wordpress\/ -->\n<title>Herstellung - Choco-Logo<\/title>\n<meta name=\"robots\" content=\"index, follow, max-snippet:-1, max-image-preview:large, max-video-preview:-1\" \/>\n<link rel=\"canonical\" href=\"https:\/\/www.schokologo.com\/en\/herstellung-en\" \/>\n<meta property=\"og:locale\" content=\"en_US\" \/>\n<meta property=\"og:type\" content=\"article\" \/>\n<meta property=\"og:title\" content=\"Herstellung\" \/>\n<meta property=\"og:description\" content=\"Handwerkskunst auf h\u00f6chstem technischen Niveau Schokologo verbindet handwerkliche Tradition mit modernster Technologie. W\u00e4hrend wir unsere hochwertige Schokolade nach original belgischem Rezept handgemacht produzieren, setzen wir bei der Herstellung der Schokologos und Sonderformen auf innovative technische Methoden, um die Schokolade so pr\u00e4zise wie nur m\u00f6glich mit den Logos der Kundenunternehmen oder Produktabbildungen pr\u00e4gen zu k\u00f6nnen. Zuerst [&hellip;]\" \/>\n<meta property=\"og:url\" content=\"https:\/\/www.schokologo.com\/en\/herstellung-en\" \/>\n<meta property=\"og:site_name\" content=\"Choco-Logo\" \/>\n<meta property=\"article:publisher\" content=\"https:\/\/www.facebook.com\/SCHOKOLOGO\" \/>\n<meta property=\"og:image\" content=\"https:\/\/www.schokologo.com\/wp-content\/uploads\/2023\/09\/3dcustomchocolate_4nd.jpg\" \/>\n\t<meta property=\"og:image:width\" content=\"1200\" \/>\n\t<meta property=\"og:image:height\" content=\"798\" \/>\n\t<meta property=\"og:image:type\" content=\"image\/jpeg\" \/>\n<meta name=\"twitter:card\" content=\"summary_large_image\" \/>\n<meta name=\"twitter:site\" content=\"@schokologo\" \/>\n<meta name=\"twitter:label1\" content=\"Est. reading time\" \/>\n\t<meta name=\"twitter:data1\" content=\"1 minute\" \/>\n<script type=\"application\/ld+json\" class=\"yoast-schema-graph\">{\"@context\":\"https:\/\/schema.org\",\"@graph\":[{\"@type\":\"WebPage\",\"@id\":\"https:\/\/www.schokologo.com\/en\/herstellung-en\",\"url\":\"https:\/\/www.schokologo.com\/en\/herstellung-en\",\"name\":\"Herstellung - Choco-Logo\",\"isPartOf\":{\"@id\":\"https:\/\/www.schokologo.com\/en\/#website\"},\"datePublished\":\"2023-09-16T15:29:16+00:00\",\"breadcrumb\":{\"@id\":\"https:\/\/www.schokologo.com\/en\/herstellung-en#breadcrumb\"},\"inLanguage\":\"en-US\",\"potentialAction\":[{\"@type\":\"ReadAction\",\"target\":[\"https:\/\/www.schokologo.com\/en\/herstellung-en\"]}]},{\"@type\":\"BreadcrumbList\",\"@id\":\"https:\/\/www.schokologo.com\/en\/herstellung-en#breadcrumb\",\"itemListElement\":[{\"@type\":\"ListItem\",\"position\":1,\"name\":\"Home\",\"item\":\"https:\/\/www.schokologo.com\/en\"},{\"@type\":\"ListItem\",\"position\":2,\"name\":\"Herstellung\"}]},{\"@type\":\"WebSite\",\"@id\":\"https:\/\/www.schokologo.com\/en\/#website\",\"url\":\"https:\/\/www.schokologo.com\/en\/\",\"name\":\"Schokologo\",\"description\":\"Your finest calling card\",\"publisher\":{\"@id\":\"https:\/\/www.schokologo.com\/en\/#organization\"},\"alternateName\":\"Ihr Logo aus edler Schokolade\",\"potentialAction\":[{\"@type\":\"SearchAction\",\"target\":{\"@type\":\"EntryPoint\",\"urlTemplate\":\"https:\/\/www.schokologo.com\/en\/?s={search_term_string}\"},\"query-input\":{\"@type\":\"PropertyValueSpecification\",\"valueRequired\":true,\"valueName\":\"search_term_string\"}}],\"inLanguage\":\"en-US\"},{\"@type\":\"Organization\",\"@id\":\"https:\/\/www.schokologo.com\/en\/#organization\",\"name\":\"Schokologo e.K.\",\"alternateName\":\"Schokologo\",\"url\":\"https:\/\/www.schokologo.com\/en\/\",\"logo\":{\"@type\":\"ImageObject\",\"inLanguage\":\"en-US\",\"@id\":\"https:\/\/www.schokologo.com\/en\/#\/schema\/logo\/image\/\",\"url\":\"https:\/\/www.schokologo.com\/wp-content\/uploads\/2023\/09\/SchokoLogo_Logo.svg\",\"contentUrl\":\"https:\/\/www.schokologo.com\/wp-content\/uploads\/2023\/09\/SchokoLogo_Logo.svg\",\"width\":270,\"height\":106,\"caption\":\"Schokologo e.K.\"},\"image\":{\"@id\":\"https:\/\/www.schokologo.com\/en\/#\/schema\/logo\/image\/\"},\"sameAs\":[\"https:\/\/www.facebook.com\/SCHOKOLOGO\",\"https:\/\/x.com\/schokologo\",\"https:\/\/www.instagram.com\/schoko_logo\"],\"description\":\"Personalisierte Schokoladenprodukte und Sonderanfertigungen aus Schokolade. Wir gestalten individuelle Schokoladenkreationen mit Logos, Texten und Designs nach Ihren W\u00fcnschen. Unsere hochwertigen Schokoladenprodukte sind das ideale Geschenk f\u00fcr Kunden, Gesch\u00e4ftspartner und besondere Anl\u00e4sse. Mit den besten Zutaten und ma\u00dfgeschneiderten L\u00f6sungen pr\u00e4sentieren wir Ihre Markenbotschaft auf einzigartige und k\u00f6stliche Weise. Entdecken Sie die Vielfalt unserer Schokoladenprodukte und hinterlassen Sie einen bleibenden Eindruck mit Schokologo.\",\"email\":\"info@schokologo.com\",\"telephone\":\"3677790\",\"legalName\":\"Schokologo e.K.\",\"foundingDate\":\"2003-01-08\",\"vatID\":\"DE220776735\",\"numberOfEmployees\":{\"@type\":\"QuantitativeValue\",\"minValue\":\"51\",\"maxValue\":\"200\"}}]}<\/script>\n<!-- \/ Yoast SEO Premium plugin. -->","yoast_head_json":{"title":"Herstellung - Choco-Logo","robots":{"index":"index","follow":"follow","max-snippet":"max-snippet:-1","max-image-preview":"max-image-preview:large","max-video-preview":"max-video-preview:-1"},"canonical":"https:\/\/www.schokologo.com\/en\/herstellung-en","og_locale":"en_US","og_type":"article","og_title":"Herstellung","og_description":"Handwerkskunst auf h\u00f6chstem technischen Niveau Schokologo verbindet handwerkliche Tradition mit modernster Technologie. W\u00e4hrend wir unsere hochwertige Schokolade nach original belgischem Rezept handgemacht produzieren, setzen wir bei der Herstellung der Schokologos und Sonderformen auf innovative technische Methoden, um die Schokolade so pr\u00e4zise wie nur m\u00f6glich mit den Logos der Kundenunternehmen oder Produktabbildungen pr\u00e4gen zu k\u00f6nnen. Zuerst [&hellip;]","og_url":"https:\/\/www.schokologo.com\/en\/herstellung-en","og_site_name":"Choco-Logo","article_publisher":"https:\/\/www.facebook.com\/SCHOKOLOGO","og_image":[{"width":1200,"height":798,"url":"https:\/\/www.schokologo.com\/wp-content\/uploads\/2023\/09\/3dcustomchocolate_4nd.jpg","type":"image\/jpeg"}],"twitter_card":"summary_large_image","twitter_site":"@schokologo","twitter_misc":{"Est. reading time":"1 minute"},"schema":{"@context":"https:\/\/schema.org","@graph":[{"@type":"WebPage","@id":"https:\/\/www.schokologo.com\/en\/herstellung-en","url":"https:\/\/www.schokologo.com\/en\/herstellung-en","name":"Herstellung - Choco-Logo","isPartOf":{"@id":"https:\/\/www.schokologo.com\/en\/#website"},"datePublished":"2023-09-16T15:29:16+00:00","breadcrumb":{"@id":"https:\/\/www.schokologo.com\/en\/herstellung-en#breadcrumb"},"inLanguage":"en-US","potentialAction":[{"@type":"ReadAction","target":["https:\/\/www.schokologo.com\/en\/herstellung-en"]}]},{"@type":"BreadcrumbList","@id":"https:\/\/www.schokologo.com\/en\/herstellung-en#breadcrumb","itemListElement":[{"@type":"ListItem","position":1,"name":"Home","item":"https:\/\/www.schokologo.com\/en"},{"@type":"ListItem","position":2,"name":"Herstellung"}]},{"@type":"WebSite","@id":"https:\/\/www.schokologo.com\/en\/#website","url":"https:\/\/www.schokologo.com\/en\/","name":"Schokologo","description":"Your finest calling card","publisher":{"@id":"https:\/\/www.schokologo.com\/en\/#organization"},"alternateName":"Ihr Logo aus edler Schokolade","potentialAction":[{"@type":"SearchAction","target":{"@type":"EntryPoint","urlTemplate":"https:\/\/www.schokologo.com\/en\/?s={search_term_string}"},"query-input":{"@type":"PropertyValueSpecification","valueRequired":true,"valueName":"search_term_string"}}],"inLanguage":"en-US"},{"@type":"Organization","@id":"https:\/\/www.schokologo.com\/en\/#organization","name":"Schokologo e.K.","alternateName":"Schokologo","url":"https:\/\/www.schokologo.com\/en\/","logo":{"@type":"ImageObject","inLanguage":"en-US","@id":"https:\/\/www.schokologo.com\/en\/#\/schema\/logo\/image\/","url":"https:\/\/www.schokologo.com\/wp-content\/uploads\/2023\/09\/SchokoLogo_Logo.svg","contentUrl":"https:\/\/www.schokologo.com\/wp-content\/uploads\/2023\/09\/SchokoLogo_Logo.svg","width":270,"height":106,"caption":"Schokologo e.K."},"image":{"@id":"https:\/\/www.schokologo.com\/en\/#\/schema\/logo\/image\/"},"sameAs":["https:\/\/www.facebook.com\/SCHOKOLOGO","https:\/\/x.com\/schokologo","https:\/\/www.instagram.com\/schoko_logo"],"description":"Personalisierte Schokoladenprodukte und Sonderanfertigungen aus Schokolade. Wir gestalten individuelle Schokoladenkreationen mit Logos, Texten und Designs nach Ihren W\u00fcnschen. Unsere hochwertigen Schokoladenprodukte sind das ideale Geschenk f\u00fcr Kunden, Gesch\u00e4ftspartner und besondere Anl\u00e4sse. Mit den besten Zutaten und ma\u00dfgeschneiderten L\u00f6sungen pr\u00e4sentieren wir Ihre Markenbotschaft auf einzigartige und k\u00f6stliche Weise. Entdecken Sie die Vielfalt unserer Schokoladenprodukte und hinterlassen Sie einen bleibenden Eindruck mit Schokologo.","email":"info@schokologo.com","telephone":"3677790","legalName":"Schokologo e.K.","foundingDate":"2003-01-08","vatID":"DE220776735","numberOfEmployees":{"@type":"QuantitativeValue","minValue":"51","maxValue":"200"}}]}},"_links":{"self":[{"href":"https:\/\/www.schokologo.com\/en\/wp-json\/wp\/v2\/pages\/40909","targetHints":{"allow":["GET"]}}],"collection":[{"href":"https:\/\/www.schokologo.com\/en\/wp-json\/wp\/v2\/pages"}],"about":[{"href":"https:\/\/www.schokologo.com\/en\/wp-json\/wp\/v2\/types\/page"}],"author":[{"embeddable":true,"href":"https:\/\/www.schokologo.com\/en\/wp-json\/wp\/v2\/users\/1"}],"replies":[{"embeddable":true,"href":"https:\/\/www.schokologo.com\/en\/wp-json\/wp\/v2\/comments?post=40909"}],"version-history":[{"count":0,"href":"https:\/\/www.schokologo.com\/en\/wp-json\/wp\/v2\/pages\/40909\/revisions"}],"wp:attachment":[{"href":"https:\/\/www.schokologo.com\/en\/wp-json\/wp\/v2\/media?parent=40909"}],"curies":[{"name":"wp","href":"https:\/\/api.w.org\/{rel}","templated":true}]}}