{"id":54521,"date":"2023-09-27T14:28:11","date_gmt":"2023-09-27T12:28:11","guid":{"rendered":"http:\/\/custom-chocolate.biz\/?product=easter-egg-truffles-box"},"modified":"2023-09-27T14:28:09","modified_gmt":"2023-09-27T14:28:09","slug":"easter-egg-truffles-box","status":"publish","type":"product","link":"https:\/\/www.schokologo.com\/en\/choco-logo\/easter-egg-truffles-box","title":{"rendered":"Easter Egg-Truffles Box"},"content":{"rendered":"<p>Easter Box of pralines with custom chocolate 7,5&#215;7,5 cm, + 6 egg shaped pralines<\/p>\n<p>Bespoke chocolate: 7.5 x 7.5 cm, ca. 30 g<\/p>\n<p>6 Egg shaped fille pralines, each 13 g<\/p>\n<p>Box size: 200 x 110,0 x 20,0 mm<\/p>\n<p>Gesamtgewicht: ca. 180 g??<\/p>\n","protected":false},"excerpt":{"rendered":"<p>Easter Box of pralines with custom chocolate 7,5&#215;7,5 cm, + 6 egg shaped pralines<\/p>\n","protected":false},"featured_media":46470,"template":"","meta":{"_acf_changed":false},"product_brand":[2903],"product_cat":[2967,2997,2947,3001,3007],"product_tag":[],"class_list":{"0":"post-54521","1":"product","2":"type-product","3":"status-publish","4":"has-post-thumbnail","6":"product_brand-schokologo-e-k","7":"product_cat-easter","8":"product_cat-employee-gifts","9":"product_cat-truffles-and-pralines","10":"product_cat-werbe-schokolade-en","11":"product_cat-werbeartikel-schokolade-en","13":"first","14":"instock","15":"taxable","16":"shipping-taxable","17":"purchasable","18":"product-type-variable"},"acf":{"sl_product_custom_field":"","sl_inquire_only_product":true},"yoast_head":"<!-- This site is optimized with the Yoast SEO Premium plugin v26.5 (Yoast SEO v27.2) - https:\/\/yoast.com\/product\/yoast-seo-premium-wordpress\/ -->\n<title>Schokologo - Ostern Ei-Tr\u00fcffel Box Hand Made<\/title>\n<meta name=\"robots\" content=\"index, follow, max-snippet:-1, max-image-preview:large, max-video-preview:-1\" \/>\n<link rel=\"canonical\" href=\"https:\/\/www.schokologo.com\/en\/choco-logo\/easter-egg-truffles-box\" \/>\n<meta property=\"og:locale\" content=\"en_US\" \/>\n<meta property=\"og:type\" content=\"article\" \/>\n<meta property=\"og:title\" content=\"Easter Egg-Truffles Box\" \/>\n<meta property=\"og:description\" content=\"Easter Box of pralines with custom chocolate 7,5x7,5 cm, + 6 egg shaped pralines\" \/>\n<meta property=\"og:url\" content=\"https:\/\/www.schokologo.com\/en\/choco-logo\/easter-egg-truffles-box\" \/>\n<meta property=\"og:site_name\" content=\"Choco-Logo\" \/>\n<meta property=\"article:publisher\" content=\"https:\/\/www.facebook.com\/SCHOKOLOGO\" \/>\n<meta property=\"article:modified_time\" content=\"2023-09-27T14:28:09+00:00\" \/>\n<meta property=\"og:image\" content=\"https:\/\/www.schokologo.com\/wp-content\/uploads\/2023\/09\/BespokePralineBoxEasterGold_SL417Rostock_5nd.jpg\" \/>\n\t<meta property=\"og:image:width\" content=\"1200\" \/>\n\t<meta property=\"og:image:height\" content=\"826\" \/>\n\t<meta property=\"og:image:type\" content=\"image\/jpeg\" \/>\n<meta name=\"twitter:card\" content=\"summary_large_image\" \/>\n<meta name=\"twitter:site\" content=\"@schokologo\" \/>\n<meta name=\"twitter:label1\" content=\"Availability\" \/>\n\t<meta name=\"twitter:data1\" content=\"In stock\" \/>\n<script type=\"application\/ld+json\" class=\"yoast-schema-graph\">{\"@context\":\"https:\/\/schema.org\",\"@graph\":[{\"@type\":\"WebPage\",\"@id\":\"https:\/\/www.schokologo.com\/en\/choco-logo\/easter-egg-truffles-box\",\"url\":\"https:\/\/www.schokologo.com\/en\/choco-logo\/easter-egg-truffles-box\",\"name\":\"Schokologo - Ostern Ei-Tr\u00fcffel Box Hand Made\",\"isPartOf\":{\"@id\":\"https:\/\/www.schokologo.com\/en\/#website\"},\"primaryImageOfPage\":{\"@id\":\"https:\/\/www.schokologo.com\/en\/choco-logo\/easter-egg-truffles-box#primaryimage\"},\"image\":{\"@id\":\"https:\/\/www.schokologo.com\/en\/choco-logo\/easter-egg-truffles-box#primaryimage\"},\"thumbnailUrl\":\"https:\/\/www.schokologo.com\/wp-content\/uploads\/2023\/09\/BespokePralineBoxEasterGold_SL417Rostock_5nd.jpg\",\"datePublished\":\"2023-09-27T12:28:11+00:00\",\"dateModified\":\"2023-09-27T14:28:09+00:00\",\"breadcrumb\":{\"@id\":\"https:\/\/www.schokologo.com\/en\/choco-logo\/easter-egg-truffles-box#breadcrumb\"},\"inLanguage\":\"en-US\",\"potentialAction\":[{\"@type\":\"ReadAction\",\"target\":[\"https:\/\/www.schokologo.com\/en\/choco-logo\/easter-egg-truffles-box\"]}]},{\"@type\":\"ImageObject\",\"inLanguage\":\"en-US\",\"@id\":\"https:\/\/www.schokologo.com\/en\/choco-logo\/easter-egg-truffles-box#primaryimage\",\"url\":\"https:\/\/www.schokologo.com\/wp-content\/uploads\/2023\/09\/BespokePralineBoxEasterGold_SL417Rostock_5nd.jpg\",\"contentUrl\":\"https:\/\/www.schokologo.com\/wp-content\/uploads\/2023\/09\/BespokePralineBoxEasterGold_SL417Rostock_5nd.jpg\",\"width\":1200,\"height\":826,\"caption\":\"BespokePralineBoxEasterGold_SL417Rostock\"},{\"@type\":\"BreadcrumbList\",\"@id\":\"https:\/\/www.schokologo.com\/en\/choco-logo\/easter-egg-truffles-box#breadcrumb\",\"itemListElement\":[{\"@type\":\"ListItem\",\"position\":1,\"name\":\"Home\",\"item\":\"https:\/\/www.schokologo.com\/en\"},{\"@type\":\"ListItem\",\"position\":2,\"name\":\"Products\",\"item\":\"https:\/\/www.schokologo.com\/en\/shop\"},{\"@type\":\"ListItem\",\"position\":3,\"name\":\"Easter Egg-Truffles Box\"}]},{\"@type\":\"WebSite\",\"@id\":\"https:\/\/www.schokologo.com\/en\/#website\",\"url\":\"https:\/\/www.schokologo.com\/en\/\",\"name\":\"Schokologo\",\"description\":\"Your finest calling card\",\"publisher\":{\"@id\":\"https:\/\/www.schokologo.com\/en\/#organization\"},\"alternateName\":\"Ihr Logo aus edler Schokolade\",\"potentialAction\":[{\"@type\":\"SearchAction\",\"target\":{\"@type\":\"EntryPoint\",\"urlTemplate\":\"https:\/\/www.schokologo.com\/en\/?s={search_term_string}\"},\"query-input\":{\"@type\":\"PropertyValueSpecification\",\"valueRequired\":true,\"valueName\":\"search_term_string\"}}],\"inLanguage\":\"en-US\"},{\"@type\":\"Organization\",\"@id\":\"https:\/\/www.schokologo.com\/en\/#organization\",\"name\":\"Schokologo e.K.\",\"alternateName\":\"Schokologo\",\"url\":\"https:\/\/www.schokologo.com\/en\/\",\"logo\":{\"@type\":\"ImageObject\",\"inLanguage\":\"en-US\",\"@id\":\"https:\/\/www.schokologo.com\/en\/#\/schema\/logo\/image\/\",\"url\":\"https:\/\/www.schokologo.com\/wp-content\/uploads\/2023\/09\/SchokoLogo_Logo.svg\",\"contentUrl\":\"https:\/\/www.schokologo.com\/wp-content\/uploads\/2023\/09\/SchokoLogo_Logo.svg\",\"width\":270,\"height\":106,\"caption\":\"Schokologo e.K.\"},\"image\":{\"@id\":\"https:\/\/www.schokologo.com\/en\/#\/schema\/logo\/image\/\"},\"sameAs\":[\"https:\/\/www.facebook.com\/SCHOKOLOGO\",\"https:\/\/x.com\/schokologo\",\"https:\/\/www.instagram.com\/schoko_logo\"],\"description\":\"Personalisierte Schokoladenprodukte und Sonderanfertigungen aus Schokolade. Wir gestalten individuelle Schokoladenkreationen mit Logos, Texten und Designs nach Ihren W\u00fcnschen. Unsere hochwertigen Schokoladenprodukte sind das ideale Geschenk f\u00fcr Kunden, Gesch\u00e4ftspartner und besondere Anl\u00e4sse. Mit den besten Zutaten und ma\u00dfgeschneiderten L\u00f6sungen pr\u00e4sentieren wir Ihre Markenbotschaft auf einzigartige und k\u00f6stliche Weise. Entdecken Sie die Vielfalt unserer Schokoladenprodukte und hinterlassen Sie einen bleibenden Eindruck mit Schokologo.\",\"email\":\"info@schokologo.com\",\"telephone\":\"3677790\",\"legalName\":\"Schokologo e.K.\",\"foundingDate\":\"2003-01-08\",\"vatID\":\"DE220776735\",\"numberOfEmployees\":{\"@type\":\"QuantitativeValue\",\"minValue\":\"51\",\"maxValue\":\"200\"}}]}<\/script>\n<meta property=\"og:availability\" content=\"instock\" \/>\n<meta property=\"product:availability\" content=\"instock\" \/>\n<meta property=\"product:retailer_item_id\" content=\"SL0417REVMGO\" \/>\n<meta property=\"product:condition\" content=\"new\" \/>\n<!-- \/ Yoast SEO Premium plugin. -->","yoast_head_json":{"title":"Schokologo - Ostern Ei-Tr\u00fcffel Box Hand Made","robots":{"index":"index","follow":"follow","max-snippet":"max-snippet:-1","max-image-preview":"max-image-preview:large","max-video-preview":"max-video-preview:-1"},"canonical":"https:\/\/www.schokologo.com\/en\/choco-logo\/easter-egg-truffles-box","og_locale":"en_US","og_type":"article","og_title":"Easter Egg-Truffles Box","og_description":"Easter Box of pralines with custom chocolate 7,5x7,5 cm, + 6 egg shaped pralines","og_url":"https:\/\/www.schokologo.com\/en\/choco-logo\/easter-egg-truffles-box","og_site_name":"Choco-Logo","article_publisher":"https:\/\/www.facebook.com\/SCHOKOLOGO","article_modified_time":"2023-09-27T14:28:09+00:00","og_image":[{"width":1200,"height":826,"url":"https:\/\/www.schokologo.com\/wp-content\/uploads\/2023\/09\/BespokePralineBoxEasterGold_SL417Rostock_5nd.jpg","type":"image\/jpeg"}],"twitter_card":"summary_large_image","twitter_site":"@schokologo","twitter_misc":{"Availability":"In stock"},"schema":{"@context":"https:\/\/schema.org","@graph":[{"@type":"WebPage","@id":"https:\/\/www.schokologo.com\/en\/choco-logo\/easter-egg-truffles-box","url":"https:\/\/www.schokologo.com\/en\/choco-logo\/easter-egg-truffles-box","name":"Schokologo - Ostern Ei-Tr\u00fcffel Box Hand Made","isPartOf":{"@id":"https:\/\/www.schokologo.com\/en\/#website"},"primaryImageOfPage":{"@id":"https:\/\/www.schokologo.com\/en\/choco-logo\/easter-egg-truffles-box#primaryimage"},"image":{"@id":"https:\/\/www.schokologo.com\/en\/choco-logo\/easter-egg-truffles-box#primaryimage"},"thumbnailUrl":"https:\/\/www.schokologo.com\/wp-content\/uploads\/2023\/09\/BespokePralineBoxEasterGold_SL417Rostock_5nd.jpg","datePublished":"2023-09-27T12:28:11+00:00","dateModified":"2023-09-27T14:28:09+00:00","breadcrumb":{"@id":"https:\/\/www.schokologo.com\/en\/choco-logo\/easter-egg-truffles-box#breadcrumb"},"inLanguage":"en-US","potentialAction":[{"@type":"ReadAction","target":["https:\/\/www.schokologo.com\/en\/choco-logo\/easter-egg-truffles-box"]}]},{"@type":"ImageObject","inLanguage":"en-US","@id":"https:\/\/www.schokologo.com\/en\/choco-logo\/easter-egg-truffles-box#primaryimage","url":"https:\/\/www.schokologo.com\/wp-content\/uploads\/2023\/09\/BespokePralineBoxEasterGold_SL417Rostock_5nd.jpg","contentUrl":"https:\/\/www.schokologo.com\/wp-content\/uploads\/2023\/09\/BespokePralineBoxEasterGold_SL417Rostock_5nd.jpg","width":1200,"height":826,"caption":"BespokePralineBoxEasterGold_SL417Rostock"},{"@type":"BreadcrumbList","@id":"https:\/\/www.schokologo.com\/en\/choco-logo\/easter-egg-truffles-box#breadcrumb","itemListElement":[{"@type":"ListItem","position":1,"name":"Home","item":"https:\/\/www.schokologo.com\/en"},{"@type":"ListItem","position":2,"name":"Products","item":"https:\/\/www.schokologo.com\/en\/shop"},{"@type":"ListItem","position":3,"name":"Easter Egg-Truffles Box"}]},{"@type":"WebSite","@id":"https:\/\/www.schokologo.com\/en\/#website","url":"https:\/\/www.schokologo.com\/en\/","name":"Schokologo","description":"Your finest calling card","publisher":{"@id":"https:\/\/www.schokologo.com\/en\/#organization"},"alternateName":"Ihr Logo aus edler Schokolade","potentialAction":[{"@type":"SearchAction","target":{"@type":"EntryPoint","urlTemplate":"https:\/\/www.schokologo.com\/en\/?s={search_term_string}"},"query-input":{"@type":"PropertyValueSpecification","valueRequired":true,"valueName":"search_term_string"}}],"inLanguage":"en-US"},{"@type":"Organization","@id":"https:\/\/www.schokologo.com\/en\/#organization","name":"Schokologo e.K.","alternateName":"Schokologo","url":"https:\/\/www.schokologo.com\/en\/","logo":{"@type":"ImageObject","inLanguage":"en-US","@id":"https:\/\/www.schokologo.com\/en\/#\/schema\/logo\/image\/","url":"https:\/\/www.schokologo.com\/wp-content\/uploads\/2023\/09\/SchokoLogo_Logo.svg","contentUrl":"https:\/\/www.schokologo.com\/wp-content\/uploads\/2023\/09\/SchokoLogo_Logo.svg","width":270,"height":106,"caption":"Schokologo e.K."},"image":{"@id":"https:\/\/www.schokologo.com\/en\/#\/schema\/logo\/image\/"},"sameAs":["https:\/\/www.facebook.com\/SCHOKOLOGO","https:\/\/x.com\/schokologo","https:\/\/www.instagram.com\/schoko_logo"],"description":"Personalisierte Schokoladenprodukte und Sonderanfertigungen aus Schokolade. Wir gestalten individuelle Schokoladenkreationen mit Logos, Texten und Designs nach Ihren W\u00fcnschen. Unsere hochwertigen Schokoladenprodukte sind das ideale Geschenk f\u00fcr Kunden, Gesch\u00e4ftspartner und besondere Anl\u00e4sse. Mit den besten Zutaten und ma\u00dfgeschneiderten L\u00f6sungen pr\u00e4sentieren wir Ihre Markenbotschaft auf einzigartige und k\u00f6stliche Weise. Entdecken Sie die Vielfalt unserer Schokoladenprodukte und hinterlassen Sie einen bleibenden Eindruck mit Schokologo.","email":"info@schokologo.com","telephone":"3677790","legalName":"Schokologo e.K.","foundingDate":"2003-01-08","vatID":"DE220776735","numberOfEmployees":{"@type":"QuantitativeValue","minValue":"51","maxValue":"200"}}]},"og_availability":"instock","product_availability":"instock","product_retailer_item_id":"SL0417REVMGO","product_condition":"new"},"_links":{"self":[{"href":"https:\/\/www.schokologo.com\/en\/wp-json\/wp\/v2\/product\/54521","targetHints":{"allow":["GET"]}}],"collection":[{"href":"https:\/\/www.schokologo.com\/en\/wp-json\/wp\/v2\/product"}],"about":[{"href":"https:\/\/www.schokologo.com\/en\/wp-json\/wp\/v2\/types\/product"}],"version-history":[{"count":0,"href":"https:\/\/www.schokologo.com\/en\/wp-json\/wp\/v2\/product\/54521\/revisions"}],"wp:featuredmedia":[{"embeddable":true,"href":"https:\/\/www.schokologo.com\/en\/wp-json\/wp\/v2\/media\/46470"}],"wp:attachment":[{"href":"https:\/\/www.schokologo.com\/en\/wp-json\/wp\/v2\/media?parent=54521"}],"wp:term":[{"taxonomy":"product_brand","embeddable":true,"href":"https:\/\/www.schokologo.com\/en\/wp-json\/wp\/v2\/product_brand?post=54521"},{"taxonomy":"product_cat","embeddable":true,"href":"https:\/\/www.schokologo.com\/en\/wp-json\/wp\/v2\/product_cat?post=54521"},{"taxonomy":"product_tag","embeddable":true,"href":"https:\/\/www.schokologo.com\/en\/wp-json\/wp\/v2\/product_tag?post=54521"}],"curies":[{"name":"wp","href":"https:\/\/api.w.org\/{rel}","templated":true}]}}