{"id":56335,"date":"2023-09-27T14:37:30","date_gmt":"2023-09-27T14:37:30","guid":{"rendered":"http:\/\/custom-chocolate.biz\/?product=wine-gift-deluxe"},"modified":"2023-09-27T14:37:27","modified_gmt":"2023-09-27T14:37:27","slug":"wine-gift-deluxe","status":"publish","type":"product","link":"https:\/\/www.schokologo.com\/en\/choco-logo\/wine-gift-deluxe","title":{"rendered":"Wine Gift Deluxe"},"content":{"rendered":"<p>Bespoke Chocolate: 8&#215;5.5cm, embosse box in Gold 9&#215;6.5cm<\/p>\n<p>16 Pralines \u00e1 14g in a clear box<\/p>\n<p>Wine: Barons de Rothschild Saga R Rouge 2005 <\/p>\n<p>Weight: XX-XX gr<\/p>\n<p>Packaging: Gold<\/p>\n<p>Outer Box: XX x XX mm<\/p>\n","protected":false},"excerpt":{"rendered":"<p>Bespoke Chocolate: 8&#215;5.5cm, embossed box, 16 pralines, red wine Barons de Rothschild <\/p>\n","protected":false},"featured_media":48500,"template":"","meta":{"_acf_changed":false},"product_brand":[2903],"product_cat":[2949,2961,3003,3005],"product_tag":[],"class_list":{"0":"post-56335","1":"product","2":"type-product","3":"status-publish","4":"has-post-thumbnail","6":"product_brand-schokologo-e-k","7":"product_cat-chocolate-pairings","8":"product_cat-christmas","9":"product_cat-kundengeschenke-weihnachten-en","10":"product_cat-weihnachtsgeschenke-fur-kunden-en","12":"first","13":"instock","14":"taxable","15":"shipping-taxable","16":"purchasable","17":"product-type-variable"},"acf":{"sl_product_custom_field":"","sl_inquire_only_product":true},"yoast_head":"<!-- This site is optimized with the Yoast SEO Premium plugin v26.5 (Yoast SEO v27.2) - https:\/\/yoast.com\/product\/yoast-seo-premium-wordpress\/ -->\n<title>Schokologo Weinpr\u00e4sent DeLuxe<\/title>\n<meta name=\"robots\" content=\"index, follow, max-snippet:-1, max-image-preview:large, max-video-preview:-1\" \/>\n<link rel=\"canonical\" href=\"https:\/\/www.schokologo.com\/en\/choco-logo\/wine-gift-deluxe\" \/>\n<meta property=\"og:locale\" content=\"en_US\" \/>\n<meta property=\"og:type\" content=\"article\" \/>\n<meta property=\"og:title\" content=\"Wine Gift Deluxe\" \/>\n<meta property=\"og:description\" content=\"Bespoke Chocolate: 8x5.5cm, embossed box, 16 pralines, red wine Barons de Rothschild\" \/>\n<meta property=\"og:url\" content=\"https:\/\/www.schokologo.com\/en\/choco-logo\/wine-gift-deluxe\" \/>\n<meta property=\"og:site_name\" content=\"Choco-Logo\" \/>\n<meta property=\"article:publisher\" content=\"https:\/\/www.facebook.com\/SCHOKOLOGO\" \/>\n<meta property=\"og:image\" content=\"https:\/\/www.schokologo.com\/wp-content\/uploads\/2023\/09\/winegiftbespokechocolatepralines20_4nd.jpg\" \/>\n\t<meta property=\"og:image:width\" content=\"1203\" \/>\n\t<meta property=\"og:image:height\" content=\"1319\" \/>\n\t<meta property=\"og:image:type\" content=\"image\/jpeg\" \/>\n<meta name=\"twitter:card\" content=\"summary_large_image\" \/>\n<meta name=\"twitter:site\" content=\"@schokologo\" \/>\n<meta name=\"twitter:label1\" content=\"Availability\" \/>\n\t<meta name=\"twitter:data1\" content=\"In stock\" \/>\n<script type=\"application\/ld+json\" class=\"yoast-schema-graph\">{\"@context\":\"https:\/\/schema.org\",\"@graph\":[{\"@type\":\"WebPage\",\"@id\":\"https:\/\/www.schokologo.com\/en\/choco-logo\/wine-gift-deluxe\",\"url\":\"https:\/\/www.schokologo.com\/en\/choco-logo\/wine-gift-deluxe\",\"name\":\"Schokologo Weinpr\u00e4sent DeLuxe\",\"isPartOf\":{\"@id\":\"https:\/\/www.schokologo.com\/en\/#website\"},\"primaryImageOfPage\":{\"@id\":\"https:\/\/www.schokologo.com\/en\/choco-logo\/wine-gift-deluxe#primaryimage\"},\"image\":{\"@id\":\"https:\/\/www.schokologo.com\/en\/choco-logo\/wine-gift-deluxe#primaryimage\"},\"thumbnailUrl\":\"https:\/\/www.schokologo.com\/wp-content\/uploads\/2023\/09\/winegiftbespokechocolatepralines20_4nd.jpg\",\"datePublished\":\"2023-09-27T14:37:30+00:00\",\"breadcrumb\":{\"@id\":\"https:\/\/www.schokologo.com\/en\/choco-logo\/wine-gift-deluxe#breadcrumb\"},\"inLanguage\":\"en-US\",\"potentialAction\":[{\"@type\":\"ReadAction\",\"target\":[\"https:\/\/www.schokologo.com\/en\/choco-logo\/wine-gift-deluxe\"]}]},{\"@type\":\"ImageObject\",\"inLanguage\":\"en-US\",\"@id\":\"https:\/\/www.schokologo.com\/en\/choco-logo\/wine-gift-deluxe#primaryimage\",\"url\":\"https:\/\/www.schokologo.com\/wp-content\/uploads\/2023\/09\/winegiftbespokechocolatepralines20_4nd.jpg\",\"contentUrl\":\"https:\/\/www.schokologo.com\/wp-content\/uploads\/2023\/09\/winegiftbespokechocolatepralines20_4nd.jpg\",\"width\":1203,\"height\":1319,\"caption\":\"wine-gift-bespoke-chocolate-pralines-20\"},{\"@type\":\"BreadcrumbList\",\"@id\":\"https:\/\/www.schokologo.com\/en\/choco-logo\/wine-gift-deluxe#breadcrumb\",\"itemListElement\":[{\"@type\":\"ListItem\",\"position\":1,\"name\":\"Home\",\"item\":\"https:\/\/www.schokologo.com\/en\"},{\"@type\":\"ListItem\",\"position\":2,\"name\":\"Products\",\"item\":\"https:\/\/www.schokologo.com\/en\/shop\"},{\"@type\":\"ListItem\",\"position\":3,\"name\":\"Wine Gift Deluxe\"}]},{\"@type\":\"WebSite\",\"@id\":\"https:\/\/www.schokologo.com\/en\/#website\",\"url\":\"https:\/\/www.schokologo.com\/en\/\",\"name\":\"Schokologo\",\"description\":\"Your finest calling card\",\"publisher\":{\"@id\":\"https:\/\/www.schokologo.com\/en\/#organization\"},\"alternateName\":\"Ihr Logo aus edler Schokolade\",\"potentialAction\":[{\"@type\":\"SearchAction\",\"target\":{\"@type\":\"EntryPoint\",\"urlTemplate\":\"https:\/\/www.schokologo.com\/en\/?s={search_term_string}\"},\"query-input\":{\"@type\":\"PropertyValueSpecification\",\"valueRequired\":true,\"valueName\":\"search_term_string\"}}],\"inLanguage\":\"en-US\"},{\"@type\":\"Organization\",\"@id\":\"https:\/\/www.schokologo.com\/en\/#organization\",\"name\":\"Schokologo e.K.\",\"alternateName\":\"Schokologo\",\"url\":\"https:\/\/www.schokologo.com\/en\/\",\"logo\":{\"@type\":\"ImageObject\",\"inLanguage\":\"en-US\",\"@id\":\"https:\/\/www.schokologo.com\/en\/#\/schema\/logo\/image\/\",\"url\":\"https:\/\/www.schokologo.com\/wp-content\/uploads\/2023\/09\/SchokoLogo_Logo.svg\",\"contentUrl\":\"https:\/\/www.schokologo.com\/wp-content\/uploads\/2023\/09\/SchokoLogo_Logo.svg\",\"width\":270,\"height\":106,\"caption\":\"Schokologo e.K.\"},\"image\":{\"@id\":\"https:\/\/www.schokologo.com\/en\/#\/schema\/logo\/image\/\"},\"sameAs\":[\"https:\/\/www.facebook.com\/SCHOKOLOGO\",\"https:\/\/x.com\/schokologo\",\"https:\/\/www.instagram.com\/schoko_logo\"],\"description\":\"Personalisierte Schokoladenprodukte und Sonderanfertigungen aus Schokolade. Wir gestalten individuelle Schokoladenkreationen mit Logos, Texten und Designs nach Ihren W\u00fcnschen. Unsere hochwertigen Schokoladenprodukte sind das ideale Geschenk f\u00fcr Kunden, Gesch\u00e4ftspartner und besondere Anl\u00e4sse. Mit den besten Zutaten und ma\u00dfgeschneiderten L\u00f6sungen pr\u00e4sentieren wir Ihre Markenbotschaft auf einzigartige und k\u00f6stliche Weise. Entdecken Sie die Vielfalt unserer Schokoladenprodukte und hinterlassen Sie einen bleibenden Eindruck mit Schokologo.\",\"email\":\"info@schokologo.com\",\"telephone\":\"3677790\",\"legalName\":\"Schokologo e.K.\",\"foundingDate\":\"2003-01-08\",\"vatID\":\"DE220776735\",\"numberOfEmployees\":{\"@type\":\"QuantitativeValue\",\"minValue\":\"51\",\"maxValue\":\"200\"}}]}<\/script>\n<meta property=\"og:availability\" content=\"instock\" \/>\n<meta property=\"product:availability\" content=\"instock\" \/>\n<meta property=\"product:retailer_item_id\" content=\"WP5003REVMGO-1001\" \/>\n<meta property=\"product:condition\" content=\"new\" \/>\n<!-- \/ Yoast SEO Premium plugin. -->","yoast_head_json":{"title":"Schokologo Weinpr\u00e4sent DeLuxe","robots":{"index":"index","follow":"follow","max-snippet":"max-snippet:-1","max-image-preview":"max-image-preview:large","max-video-preview":"max-video-preview:-1"},"canonical":"https:\/\/www.schokologo.com\/en\/choco-logo\/wine-gift-deluxe","og_locale":"en_US","og_type":"article","og_title":"Wine Gift Deluxe","og_description":"Bespoke Chocolate: 8x5.5cm, embossed box, 16 pralines, red wine Barons de Rothschild","og_url":"https:\/\/www.schokologo.com\/en\/choco-logo\/wine-gift-deluxe","og_site_name":"Choco-Logo","article_publisher":"https:\/\/www.facebook.com\/SCHOKOLOGO","og_image":[{"width":1203,"height":1319,"url":"https:\/\/www.schokologo.com\/wp-content\/uploads\/2023\/09\/winegiftbespokechocolatepralines20_4nd.jpg","type":"image\/jpeg"}],"twitter_card":"summary_large_image","twitter_site":"@schokologo","twitter_misc":{"Availability":"In stock"},"schema":{"@context":"https:\/\/schema.org","@graph":[{"@type":"WebPage","@id":"https:\/\/www.schokologo.com\/en\/choco-logo\/wine-gift-deluxe","url":"https:\/\/www.schokologo.com\/en\/choco-logo\/wine-gift-deluxe","name":"Schokologo Weinpr\u00e4sent DeLuxe","isPartOf":{"@id":"https:\/\/www.schokologo.com\/en\/#website"},"primaryImageOfPage":{"@id":"https:\/\/www.schokologo.com\/en\/choco-logo\/wine-gift-deluxe#primaryimage"},"image":{"@id":"https:\/\/www.schokologo.com\/en\/choco-logo\/wine-gift-deluxe#primaryimage"},"thumbnailUrl":"https:\/\/www.schokologo.com\/wp-content\/uploads\/2023\/09\/winegiftbespokechocolatepralines20_4nd.jpg","datePublished":"2023-09-27T14:37:30+00:00","breadcrumb":{"@id":"https:\/\/www.schokologo.com\/en\/choco-logo\/wine-gift-deluxe#breadcrumb"},"inLanguage":"en-US","potentialAction":[{"@type":"ReadAction","target":["https:\/\/www.schokologo.com\/en\/choco-logo\/wine-gift-deluxe"]}]},{"@type":"ImageObject","inLanguage":"en-US","@id":"https:\/\/www.schokologo.com\/en\/choco-logo\/wine-gift-deluxe#primaryimage","url":"https:\/\/www.schokologo.com\/wp-content\/uploads\/2023\/09\/winegiftbespokechocolatepralines20_4nd.jpg","contentUrl":"https:\/\/www.schokologo.com\/wp-content\/uploads\/2023\/09\/winegiftbespokechocolatepralines20_4nd.jpg","width":1203,"height":1319,"caption":"wine-gift-bespoke-chocolate-pralines-20"},{"@type":"BreadcrumbList","@id":"https:\/\/www.schokologo.com\/en\/choco-logo\/wine-gift-deluxe#breadcrumb","itemListElement":[{"@type":"ListItem","position":1,"name":"Home","item":"https:\/\/www.schokologo.com\/en"},{"@type":"ListItem","position":2,"name":"Products","item":"https:\/\/www.schokologo.com\/en\/shop"},{"@type":"ListItem","position":3,"name":"Wine Gift Deluxe"}]},{"@type":"WebSite","@id":"https:\/\/www.schokologo.com\/en\/#website","url":"https:\/\/www.schokologo.com\/en\/","name":"Schokologo","description":"Your finest calling card","publisher":{"@id":"https:\/\/www.schokologo.com\/en\/#organization"},"alternateName":"Ihr Logo aus edler Schokolade","potentialAction":[{"@type":"SearchAction","target":{"@type":"EntryPoint","urlTemplate":"https:\/\/www.schokologo.com\/en\/?s={search_term_string}"},"query-input":{"@type":"PropertyValueSpecification","valueRequired":true,"valueName":"search_term_string"}}],"inLanguage":"en-US"},{"@type":"Organization","@id":"https:\/\/www.schokologo.com\/en\/#organization","name":"Schokologo e.K.","alternateName":"Schokologo","url":"https:\/\/www.schokologo.com\/en\/","logo":{"@type":"ImageObject","inLanguage":"en-US","@id":"https:\/\/www.schokologo.com\/en\/#\/schema\/logo\/image\/","url":"https:\/\/www.schokologo.com\/wp-content\/uploads\/2023\/09\/SchokoLogo_Logo.svg","contentUrl":"https:\/\/www.schokologo.com\/wp-content\/uploads\/2023\/09\/SchokoLogo_Logo.svg","width":270,"height":106,"caption":"Schokologo e.K."},"image":{"@id":"https:\/\/www.schokologo.com\/en\/#\/schema\/logo\/image\/"},"sameAs":["https:\/\/www.facebook.com\/SCHOKOLOGO","https:\/\/x.com\/schokologo","https:\/\/www.instagram.com\/schoko_logo"],"description":"Personalisierte Schokoladenprodukte und Sonderanfertigungen aus Schokolade. Wir gestalten individuelle Schokoladenkreationen mit Logos, Texten und Designs nach Ihren W\u00fcnschen. Unsere hochwertigen Schokoladenprodukte sind das ideale Geschenk f\u00fcr Kunden, Gesch\u00e4ftspartner und besondere Anl\u00e4sse. Mit den besten Zutaten und ma\u00dfgeschneiderten L\u00f6sungen pr\u00e4sentieren wir Ihre Markenbotschaft auf einzigartige und k\u00f6stliche Weise. Entdecken Sie die Vielfalt unserer Schokoladenprodukte und hinterlassen Sie einen bleibenden Eindruck mit Schokologo.","email":"info@schokologo.com","telephone":"3677790","legalName":"Schokologo e.K.","foundingDate":"2003-01-08","vatID":"DE220776735","numberOfEmployees":{"@type":"QuantitativeValue","minValue":"51","maxValue":"200"}}]},"og_availability":"instock","product_availability":"instock","product_retailer_item_id":"WP5003REVMGO-1001","product_condition":"new"},"_links":{"self":[{"href":"https:\/\/www.schokologo.com\/en\/wp-json\/wp\/v2\/product\/56335","targetHints":{"allow":["GET"]}}],"collection":[{"href":"https:\/\/www.schokologo.com\/en\/wp-json\/wp\/v2\/product"}],"about":[{"href":"https:\/\/www.schokologo.com\/en\/wp-json\/wp\/v2\/types\/product"}],"version-history":[{"count":0,"href":"https:\/\/www.schokologo.com\/en\/wp-json\/wp\/v2\/product\/56335\/revisions"}],"wp:featuredmedia":[{"embeddable":true,"href":"https:\/\/www.schokologo.com\/en\/wp-json\/wp\/v2\/media\/48500"}],"wp:attachment":[{"href":"https:\/\/www.schokologo.com\/en\/wp-json\/wp\/v2\/media?parent=56335"}],"wp:term":[{"taxonomy":"product_brand","embeddable":true,"href":"https:\/\/www.schokologo.com\/en\/wp-json\/wp\/v2\/product_brand?post=56335"},{"taxonomy":"product_cat","embeddable":true,"href":"https:\/\/www.schokologo.com\/en\/wp-json\/wp\/v2\/product_cat?post=56335"},{"taxonomy":"product_tag","embeddable":true,"href":"https:\/\/www.schokologo.com\/en\/wp-json\/wp\/v2\/product_tag?post=56335"}],"curies":[{"name":"wp","href":"https:\/\/api.w.org\/{rel}","templated":true}]}}